{"id":1060,"date":"2024-01-13T13:18:28","date_gmt":"2024-01-13T11:18:28","guid":{"rendered":"https:\/\/www.murks-nein-danke.de\/verein\/?page_id=1060"},"modified":"2024-01-13T13:22:39","modified_gmt":"2024-01-13T11:22:39","slug":"betroffenenrechte-nach-dsgvo","status":"publish","type":"page","link":"http:\/\/www.murks-nein-danke.de\/verein\/betroffenenrechte-nach-dsgvo\/","title":{"rendered":"Betroffenenrechte nach DSGVO"},"content":{"rendered":"\n<p><strong>Begriffsbestimmung \u201cVerantwortlicher\u201d Art. 4 Abs. 7 DSGVO:<\/strong><\/p>\n\n\n\n<p>Die nat\u00fcrliche oder juristische Person, Beh\u00f6rde, Einrichtung oder andere Stelle, die allein oder gemeinsam mit anderen \u00fcber die Zwecke und Mittel der Verarbeitung von personenbezogenen Daten entscheidet.<\/p>\n\n\n\n<p><strong>Begriffsbestimmung \u201cpersonenbezogene Daten\u201d Art. 4 Abs. 1 DSGVO:<\/strong><\/p>\n\n\n\n<p>Alle Informationen, die sich auf eine identifizierte oder identifizierbare nat\u00fcrliche Person (im Folgenden \u201ebetroffene Person\u201c) beziehen; als identifizierbar wird eine nat\u00fcrliche Person angesehen, die direkt oder indirekt, insbesondere mittels Zuordnung zu einer Kennung wie einem Namen, zu einer Kennnummer, zu Standortdaten, zu einer Online-Kennung oder zu einem oder mehreren besonderen Merkmalen identifiziert werden kann, die Ausdruck der physischen, physiologischen, genetischen, psychischen, wirtschaftlichen, kulturellen oder sozialen Identit\u00e4t dieser nat\u00fcrlichen Person sind;<\/p>\n\n\n\n<p><strong>Art. 7 Abs. 3 Widerruf der Einwilligung<\/strong><\/p>\n\n\n\n<p>Die betroffene Person hat das Recht, ihre Einwilligung jederzeit zu widerrufen. Durch den Widerruf der Einwilligung wird die Rechtm\u00e4\u00dfigkeit der aufgrund der Einwilligung bis zum Widerruf erfolgten Verarbeitung nicht ber\u00fchrt.<\/p>\n\n\n\n<p><strong>Art. 12 Transparente Information<\/strong><\/p>\n\n\n\n<p>Der Verantwortliche trifft geeignet Ma\u00dfnahmen, um der betroffenen Person alle Informationen gem\u00e4\u00df den Artikeln 13 und 14 und alle Mitteilungen gem\u00e4\u00df den Artikeln 15 bis 22 und Artikel 34, die sich auf die Verarbeitung beziehen, in <em>pr\u00e4ziser, transparenter, verst\u00e4ndlicher und leicht zug\u00e4nglicher Form in einer klaren und einfachen Sprache zu \u00fcbermitteln<\/em>; dies gilt insbesondere f\u00fcr Informationen, die sich speziell an Kinder richten. Die \u00dcbermittlung der Informationen erfolgt schriftlich oder in anderer Form, gegebenenfalls auch elektronisch. Falls von der betroffenen Person verlangt, kann die Information m\u00fcndlich erteilt werden, sofern die Identit\u00e4t der betroffenen Person in anderer Form nachgewiesen wurde.<\/p>\n\n\n\n<p><strong>Art. 13 Informationspflicht<\/strong><\/p>\n\n\n\n<p>Werden personenbezogene Daten bei der betroffenen Person erhoben, so teilt der Verantwortliche der betroffenen Person dies zum Zeitpunkt der Erhebung dieser Daten mit. Der Umfang der Informationen ergibt sich aus Art. 13 der Verordnung.<\/p>\n\n\n\n<p><strong>Art. 15 Auskunftsrecht<\/strong><\/p>\n\n\n\n<p>Der Betroffene hat das Recht, eine Best\u00e4tigung dar\u00fcber zu verlangen, ob personenbezogene Daten verarbeitet werden; ist dies der Fall, so hat der Betroffene das Recht auf Auskunft \u00fcber diese personenbezogenen Daten und auf die in Art. 15 DS-GVO im Einzelnen aufgef\u00fchrten Informationen.<\/p>\n\n\n\n<p><strong>Art. 16 Recht auf Berichtigung<\/strong><\/p>\n\n\n\n<p>Der Betroffene hat das Recht, unverz\u00fcglich die Berichtigung unrichtiger personenbezogener Daten und die Vervollst\u00e4ndigung unvollst\u00e4ndiger personenbezogener Daten zu verlangen.<\/p>\n\n\n\n<p><strong>Art. 17 Recht auf L\u00f6schung<\/strong><\/p>\n\n\n\n<p>Der Betroffene hat das Recht zu verlangen, dass ihn betreffende personenbezogene Daten unverz\u00fcglich gel\u00f6scht werden, wenn einer der in Art. 17 DSGVO aufgef\u00fchrten Gr\u00fcnde zutrifft, z. B. wenn die Daten f\u00fcr die verfolgten Zwecke nicht mehr ben\u00f6tigt werden. Hier sind jedoch die Ausschlussgr\u00fcnde aus Art. 17 Abs. 3 DSGVO zu beachten.<\/p>\n\n\n\n<p><strong>Art. 18 Einschr\u00e4nkung der Verarbeitung<\/strong><\/p>\n\n\n\n<p>Die betroffene Person hat das Recht, die Einschr\u00e4nkung der Verarbeitung zu verlangen, wenn eine der in Art. 18 DSGVO genannten Voraussetzungen gegeben ist.<\/p>\n\n\n\n<p><strong>Art. 19 Mitteilungspflicht<\/strong><\/p>\n\n\n\n<p>Der Verantwortliche teilt allen Empf\u00e4ngern, denen personenbezogenen Daten offengelegt wurden, jede Berichtigung oder L\u00f6schung der personenbezogenen Daten oder eine Einschr\u00e4nkung der Verarbeitung nach Artikel 16, Artikel 17 Absatz 1 und Artikel 18 mit, es sei denn, dies erweist sich als unm\u00f6glich oder ist mit einem unverh\u00e4ltnism\u00e4\u00dfigen Aufwand verbunden. Der Verantwortliche unterrichtet die betroffene Person \u00fcber diese Empf\u00e4nger, wenn die betroffene Person dies verlangt.<\/p>\n\n\n\n<p><strong>Art. 20 Daten\u00fcbertragbarkeit<\/strong><\/p>\n\n\n\n<p>Die betroffene Person hat das Recht, die sie betreffenden personenbezogenen Daten, die sie einem Verantwortlichen bereitgestellt hat, in einem strukturierten, g\u00e4ngigen und maschinenlesbaren Format zu erhalten, und sie hat das Recht, diese Daten einem anderen Verantwortlichen ohne Behinderung durch den Verantwortlichen, dem die personenbezogenen Daten bereitgestellt wurden, zu \u00fcbermitteln<\/p>\n\n\n\n<p><strong>Art. 77 Recht auf Beschwerde<\/strong><\/p>\n\n\n\n<p>Jede betroffene Person hat unbeschadet eines anderweitigen verwaltungsrechtlichen oder gerichtlichen Rechtsbehelfs das Recht auf Beschwerde bei einer Aufsichtsbeh\u00f6rde, insbesondere in dem Mitgliedstaat ihres gew\u00f6hnlichen Aufenthaltsorts, ihres Arbeitsplatzes oder des Orts des mutma\u00dflichen Versto\u00dfes, wenn die betroffene Person der Ansicht ist, dass die Verarbeitung der sie betreffenden personenbezogenen Daten gegen diese Verordnung verst\u00f6\u00dft.<\/p>\n\n\n\n<p><em><strong>Wir machen darauf aufmerksam, dass dieses Informations-Angebot lediglich dem unverbindlichen Informationszweck dient und keine Rechtsberatung zu Datenschutzthemen im eigentlichen Sinne darstellt. Der Inhalt dieses Angebots kann und soll eine individuelle und verbindliche Beratung, die auf ihre spezifische Situation eingeht, nicht ersetzen. Insofern verstehen sich alle angebotenen Informationen ohne Gew\u00e4hr auf Richtigkeit und Vollst\u00e4ndigkeit.<\/strong><\/em><\/p>\n","protected":false},"excerpt":{"rendered":"<p>Begriffsbestimmung \u201cVerantwortlicher\u201d Art. 4 Abs. 7 DSGVO: Die nat\u00fcrliche oder juristische Person, Beh\u00f6rde, Einrichtung oder andere Stelle, die allein oder gemeinsam mit anderen \u00fcber die Zwecke und Mittel der Verarbeitung&#8230;<\/p>\n","protected":false},"author":1,"featured_media":0,"parent":0,"menu_order":0,"comment_status":"closed","ping_status":"closed","template":"","meta":{"footnotes":""},"_links":{"self":[{"href":"http:\/\/www.murks-nein-danke.de\/verein\/wp-json\/wp\/v2\/pages\/1060"}],"collection":[{"href":"http:\/\/www.murks-nein-danke.de\/verein\/wp-json\/wp\/v2\/pages"}],"about":[{"href":"http:\/\/www.murks-nein-danke.de\/verein\/wp-json\/wp\/v2\/types\/page"}],"author":[{"embeddable":true,"href":"http:\/\/www.murks-nein-danke.de\/verein\/wp-json\/wp\/v2\/users\/1"}],"replies":[{"embeddable":true,"href":"http:\/\/www.murks-nein-danke.de\/verein\/wp-json\/wp\/v2\/comments?post=1060"}],"version-history":[{"count":1,"href":"http:\/\/www.murks-nein-danke.de\/verein\/wp-json\/wp\/v2\/pages\/1060\/revisions"}],"predecessor-version":[{"id":1062,"href":"http:\/\/www.murks-nein-danke.de\/verein\/wp-json\/wp\/v2\/pages\/1060\/revisions\/1062"}],"wp:attachment":[{"href":"http:\/\/www.murks-nein-danke.de\/verein\/wp-json\/wp\/v2\/media?parent=1060"}],"curies":[{"name":"wp","href":"https:\/\/api.w.org\/{rel}","templated":true}]}}