{"id":13,"date":"2013-04-22T08:03:11","date_gmt":"2013-04-22T06:03:11","guid":{"rendered":"http:\/\/www.murks-nein-danke.de\/verein\/?page_id=13"},"modified":"2024-01-13T16:54:09","modified_gmt":"2024-01-13T14:54:09","slug":"zwecke-und-aufgaben","status":"publish","type":"page","link":"http:\/\/www.murks-nein-danke.de\/verein\/der-verein\/zwecke-und-aufgaben\/","title":{"rendered":"Zwecke und Aufgaben"},"content":{"rendered":"<p>Der Verein verfolgt den Zweck, Verbraucherinteressen wahrzunehmen, den Verbraucherschutz zu f\u00f6rdern, die Stellung des Verbrauchers in der sozialen Marktwirtschaft zu st\u00e4rken und zur Verwirklichung einer nachhaltigen Entwicklung beizutragen. Der Verein setzt sich \u00f6ffentlich gegen\u00fcber Gesellschaft, Politik, Verwaltung und Anbietern f\u00fcr nachhaltige Produktqualit\u00e4t und Produktverantwortung im Sinne einer Ressourcen schonenden Kreislaufgesellschaft ein.<\/p>\n<p>Zwecke des Vereins sind in diesem Zusammenhang die F\u00f6rderung<\/p>\n<ul>\n<li>von Verbraucherberatung und Verbraucherschutz<\/li>\n<li>der Erziehung, Volks- und Berufsbildung einschlie\u00dflich der Studentenhilfe<\/li>\n<li>des b\u00fcrgerschaftlichen Engagements zugunsten gemeinn\u00fctziger, mildt\u00e4tiger und kirchlicher Zwecke<\/li>\n<\/ul>\n<p>Die Satzungszwecke (<strong>Gemeinn\u00fctzigkeit anerkannt<\/strong>) werden insbesondere durch folgende Ma\u00dfnahmen verwirklicht:<br \/>\n(<em>kursiv gesetzte Punkte<\/em> finden bereits statt)<\/p>\n<p align=\"left\"><b>Verbraucherberatung und Verbraucherschutz<\/b><\/p>\n<ul>\n<li><em>Aufkl\u00e4rung, Information und Vernetzung<\/em><\/li>\n<li><em>Informationsveranstaltungen,<\/em> Organisation von regionalen Aktionstagen<\/li>\n<li><em>Beratung und Hilfeleistung f\u00fcr die Verbraucher<\/em> einschlie\u00dflich der Wahrnehmung der Befugnis zur au\u00dfergerichtlichen Rechtsdienstleistung, durch <em>Verbraucherinformation<\/em> und Verbraucherbildung<\/li>\n<li><em>Hilfe zur Selbsthilfe<\/em><\/li>\n<li><em>die verbraucherpolitische Interessenvertretung der Verbraucher gegen\u00fcber Politik und Wirtschaft<\/em><\/li>\n<li>Verfolgung von Verst\u00f6\u00dfen gegen Verbraucherschutzgesetze und Verst\u00f6\u00dfen gegen das Wettbewerbsrecht soweit Verbraucherinteressen ber\u00fchrt sind, auch durch die Einleitung gerichtlicher Ma\u00dfnahmen<\/li>\n<li><em>\u00d6ffentlichkeitsarbeit und Vernetzung mit Organisationen, die die Zwecke des Vereins unterst\u00fctzen<\/em><\/li>\n<\/ul>\n<p align=\"left\"><b>Bildung und Erziehung <\/b><\/p>\n<ul>\n<li><em>Organisation und Durchf\u00fchrung von Bildungsveranstaltungen<\/em><\/li>\n<li><em>Organisation praxisnaher Seminarveranstaltungen<\/em><\/li>\n<li><em>Durchf\u00fchrung von Kampagnen (u. a. Infoveranstaltungen und Workshops)<\/em><\/li>\n<li>D<em>urchf\u00fchrung von Ringvorlesungen und Fachvortr\u00e4gen an Hochschulen<\/em><\/li>\n<li><em>Hilfe zur Selbsthilfe und Eigenreparatur<\/em><\/li>\n<li>Erstellung von Lehrmaterialien<\/li>\n<\/ul>\n<p align=\"left\"><b>B\u00fcrgerschaftliches Engagement<\/b><\/p>\n<ul>\n<li><em>F\u00f6rderung freiwilligen Engagements zur Umsetzung der Vereinszwecke<\/em><\/li>\n<li><em>Konzeption und Realisierung von Beteiligungsangeboten<\/em><\/li>\n<li><em>Schulungsangebote und Methodenseminare<\/em><\/li>\n<li><em>Entwicklung von Pilotprojekten und Modellvorhaben<\/em><\/li>\n<\/ul>\n<p>Die Satzung steht Ihnen <a href=\"https:\/\/www.murks-nein-danke.de\/verein\/wp-content\/uploads\/2024\/01\/Satzung-MND-Download.pdf\" target=\"_blank\" rel=\"noopener\">hier<\/a> zum Download zur Verf\u00fcgung.<\/p>\n","protected":false},"excerpt":{"rendered":"<p>Der Verein verfolgt den Zweck, Verbraucherinteressen wahrzunehmen, den Verbraucherschutz zu f\u00f6rdern, die Stellung des Verbrauchers in der sozialen Marktwirtschaft zu st\u00e4rken und zur Verwirklichung einer nachhaltigen Entwicklung beizutragen. Der Verein&#8230;<\/p>\n","protected":false},"author":1,"featured_media":0,"parent":24,"menu_order":3,"comment_status":"open","ping_status":"closed","template":"","meta":{"footnotes":""},"_links":{"self":[{"href":"http:\/\/www.murks-nein-danke.de\/verein\/wp-json\/wp\/v2\/pages\/13"}],"collection":[{"href":"http:\/\/www.murks-nein-danke.de\/verein\/wp-json\/wp\/v2\/pages"}],"about":[{"href":"http:\/\/www.murks-nein-danke.de\/verein\/wp-json\/wp\/v2\/types\/page"}],"author":[{"embeddable":true,"href":"http:\/\/www.murks-nein-danke.de\/verein\/wp-json\/wp\/v2\/users\/1"}],"replies":[{"embeddable":true,"href":"http:\/\/www.murks-nein-danke.de\/verein\/wp-json\/wp\/v2\/comments?post=13"}],"version-history":[{"count":16,"href":"http:\/\/www.murks-nein-danke.de\/verein\/wp-json\/wp\/v2\/pages\/13\/revisions"}],"predecessor-version":[{"id":1094,"href":"http:\/\/www.murks-nein-danke.de\/verein\/wp-json\/wp\/v2\/pages\/13\/revisions\/1094"}],"up":[{"embeddable":true,"href":"http:\/\/www.murks-nein-danke.de\/verein\/wp-json\/wp\/v2\/pages\/24"}],"wp:attachment":[{"href":"http:\/\/www.murks-nein-danke.de\/verein\/wp-json\/wp\/v2\/media?parent=13"}],"curies":[{"name":"wp","href":"https:\/\/api.w.org\/{rel}","templated":true}]}}