{"id":24,"date":"2013-04-22T08:33:13","date_gmt":"2013-04-22T06:33:13","guid":{"rendered":"http:\/\/www.murks-nein-danke.de\/verein\/?page_id=24"},"modified":"2024-01-13T16:45:48","modified_gmt":"2024-01-13T14:45:48","slug":"der-verein","status":"publish","type":"page","link":"http:\/\/www.murks-nein-danke.de\/verein\/der-verein\/","title":{"rendered":"Der Verein"},"content":{"rendered":"<p>Seit Februar 2012 entsteht unter dem Namen \u201eMURKS? NEIN DANKE!\u201c eine stark wachsende b\u00fcrgerschaftliche Bewegung gegen geplante Obsoleszenz. Initiiert wurde MURKS? NEIN DANKE! durch Stefan Schridde, der dies als konsequente Umsetzung pers\u00f6nlicher Lebenshaltung sieht. Als Vater zweier Kinder im Schulalter sieht er seine direkte Verantwortung. Mit seiner Initiative will er pers\u00f6nlich aktiv etwas daf\u00fcr tun, damit die nachfolgende Generation in eine Gesellschaft hineinwachsen kann, die bereits heute konkrete Entwicklungen hin zu einer werdenden Kreislaufgesellschaft wirksam werden l\u00e4sst.<\/p>\n<h3>Warum MURKS? NEIN DANKE! handelt<\/h3>\n<p>Dieser TV-Beitrag gibt eine gute Einf\u00fchrung in das Thema der geplanten Obsoleszenz und eignet sich wunderbar zur Weitergabe in Euren Freundeskreisen. Bitte <a href=\"https:\/\/www.murks-nein-danke.de\/verein\/mitgliedschaft\/\" target=\"_blank\" rel=\"noopener noreferrer\">st\u00e4rkt unsere Arbeit<\/a> als Organisation durch Eure <a href=\"https:\/\/www.murks-nein-danke.de\/verein\/download\/Aufnahmeantrag-fuer-Mitglieder_2.pdf\">Mitgliedschaft<\/a> und Mitwirkung.<\/p>\n<p><iframe loading=\"lazy\" title=\"Was ist geplante Obsoleszenz? Was k\u00f6nnen wir dagegen tun?\" width=\"500\" height=\"281\" src=\"https:\/\/www.youtube.com\/embed\/obMUCHs0Cso?feature=oembed\" frameborder=\"0\" allow=\"accelerometer; autoplay; clipboard-write; encrypted-media; gyroscope; picture-in-picture; web-share\" referrerpolicy=\"strict-origin-when-cross-origin\" allowfullscreen><\/iframe><\/p>\n<p>\u201eMURKS? NEIN DANKE!\u201c setzt sich als b\u00fcrgerschaftliche Organisation f\u00fcr nachhaltige Produktqualit\u00e4t ein, d.h.: kreislaufgef\u00fchrte Haltbarkeit, optimale Nutzbarkeit, einfache Reparierbarkeit, freie Ersatzteilversorgung, regionale Servicedienste, bessere Garantiezeiten, nachhaltige Ressourceneffizienz und ethische Kreislaufwirtschaft. Petitionen und Fachgespr\u00e4che sollen zu einer Anpassung der Gesetze (z.B. Gew\u00e4hrleistungsrecht, Handelsrecht, Zivilrecht, Strafrecht), der Kennzeichnungspflichten und relevanter Verordnungen auf nationaler und EU-Ebene f\u00fchren.<\/p>\n<p>\u201eMURKS? NEIN DANKE!\u201c hat bereits im deutschsprachigen Raum eine breite Debatte in den Medien und auf der gesellschaftlichen und politische Ebene \u00fcber geplante Obsoleszenz angesto\u00dfen und so das Thema auf die Agenda gesetzt. F\u00fcr unsere ambitionierten Ziele haben wir bereits <a href=\"https:\/\/www.murks-nein-danke.de\/verein\/der-verein\/zwecke-und-aufgaben\/\" target=\"_blank\" rel=\"noopener noreferrer\">konkrete Aufgaben<\/a> in Angriff genommen.<\/p>\n<blockquote><p>MURKS? NEIN DANKE! selbst spricht f\u00fcr alle Menschen, insbesondere diejenigen, die die Portale von MURKS? NEIN DANKE! nutzen, um sich \u00fcber geplante Obsoleszenz und MURKSMELDUNGEN zu informieren (mehr als sechs Millionen bisher), eigene Erlebnisse zu berichten und andere zu kommentieren.\u00a0Murks-Meldungen beigetragen haben bereits mehr als 3000 Menschen. \u00dcber die Medien haben wir bereits mehr als 100 Millionen Menschen erreichen und informieren k\u00f6nnen.<\/p>\n<p><a href=\"https:\/\/www.facebook.com\/Murks.Nein.danke\" target=\"_blank\" rel=\"noopener noreferrer\">Fans auf Facebook<\/a> sind deutlich mehr als 25.000 plus weitere Gruppen, die sich dort zum Thema austauschen. In unseren Arbeitsgruppen haben bereits mehr als hundert Menschen die aktive Projektarbeit begonnen. Die bundesweite Vernetzung schreitet voran. Zahllose Blogs und Foren berichten \u00fcber die Kampagne.<\/p><\/blockquote>\n<p>Am Sonntag, den 21.04.2013 trafen sich die Gr\u00fcndungsmitglieder im Regenbogencafe in Kreuzberg, Lausitzer Str. 22 a, 10999 Berlin um den Verein MURKS? NEIN DANKE! zu gr\u00fcnden. Das wachsende Netzwerk an Unterst\u00fctzern findet sich in Deutschland, \u00d6sterreich, Schweiz, Holland, Polen und weltweit (z.B. Chile, Nicaragua, USA, Japan). Zum engeren Unterst\u00fctzer- und Expertenkreis z\u00e4hlen mittlerweile deutlich mehr als 300 Personen.\u00a0Werden auch Sie jetzt Mitglied dieser starken und erfolgreichen Bewegung f\u00fcr nachhaltige Produktqualit\u00e4t.<\/p>\n<p>Erfahren Sie hier mehr \u00fcber die <a href=\"https:\/\/www.murks-nein-danke.de\/verein\/der-verein\/zwecke-und-aufgaben\/\" target=\"_blank\" rel=\"noopener noreferrer\">Zwecke und Aufgaben<\/a> des Vereins.<\/p>\n<h3>Anerkennung der Gemeinn\u00fctzigkeit<\/h3>\n<p>Mit amtlicher Mitteilung vom 8. April 2014 wurde unserem Verein best\u00e4tigt, dass wir satzungsgem\u00e4\u00df steuerbeg\u00fcnstigten Zwecken dienen. Die gemeinn\u00fctzigen Zwecke sind<\/p>\n<ul>\n<li>von Verbraucherberatung und Verbraucherschutz<\/li>\n<li>der Erziehung, Volks- und Berufsbildung einschlie\u00dflich der Studentenhilfe<\/li>\n<li>des b\u00fcrgerschaftlichen Engagements zugunsten gemeinn\u00fctziger, mildt\u00e4tiger und kirchlicher Zwecke<\/li>\n<\/ul>\n<p>Die Satzung steht Ihnen <a href=\"https:\/\/www.murks-nein-danke.de\/verein\/wp-content\/uploads\/2024\/01\/Satzung-MND-Download.pdf\" target=\"_blank\" rel=\"noopener noreferrer\">hier<\/a> zum Download zur Verf\u00fcgung. Bitte unterst\u00fctzen Sie unsere Unabh\u00e4ngigkeit als f\u00f6rderndes Mitglied oder Spender und<\/p>\n<h3><a href=\"https:\/\/www.murks-nein-danke.de\/mitfinanzieren\/\">beantragen Sie jetzt Ihre Mitgliedschaft<\/a>.<\/h3>\n","protected":false},"excerpt":{"rendered":"<p>Seit Februar 2012 entsteht unter dem Namen \u201eMURKS? NEIN DANKE!\u201c eine stark wachsende b\u00fcrgerschaftliche Bewegung gegen geplante Obsoleszenz. Initiiert wurde MURKS? NEIN DANKE! durch Stefan Schridde, der dies als konsequente&#8230;<\/p>\n","protected":false},"author":1,"featured_media":0,"parent":0,"menu_order":2,"comment_status":"open","ping_status":"closed","template":"","meta":{"footnotes":""},"_links":{"self":[{"href":"http:\/\/www.murks-nein-danke.de\/verein\/wp-json\/wp\/v2\/pages\/24"}],"collection":[{"href":"http:\/\/www.murks-nein-danke.de\/verein\/wp-json\/wp\/v2\/pages"}],"about":[{"href":"http:\/\/www.murks-nein-danke.de\/verein\/wp-json\/wp\/v2\/types\/page"}],"author":[{"embeddable":true,"href":"http:\/\/www.murks-nein-danke.de\/verein\/wp-json\/wp\/v2\/users\/1"}],"replies":[{"embeddable":true,"href":"http:\/\/www.murks-nein-danke.de\/verein\/wp-json\/wp\/v2\/comments?post=24"}],"version-history":[{"count":54,"href":"http:\/\/www.murks-nein-danke.de\/verein\/wp-json\/wp\/v2\/pages\/24\/revisions"}],"predecessor-version":[{"id":1090,"href":"http:\/\/www.murks-nein-danke.de\/verein\/wp-json\/wp\/v2\/pages\/24\/revisions\/1090"}],"wp:attachment":[{"href":"http:\/\/www.murks-nein-danke.de\/verein\/wp-json\/wp\/v2\/media?parent=24"}],"curies":[{"name":"wp","href":"https:\/\/api.w.org\/{rel}","templated":true}]}}