{"id":465,"date":"2014-12-23T13:30:53","date_gmt":"2014-12-23T11:30:53","guid":{"rendered":"http:\/\/www.murks-nein-danke.de\/verein\/?page_id=465"},"modified":"2019-02-01T16:08:24","modified_gmt":"2019-02-01T14:08:24","slug":"aktion","status":"publish","type":"page","link":"http:\/\/www.murks-nein-danke.de\/verein\/aktion\/","title":{"rendered":"Aktion"},"content":{"rendered":"<p>Wir laden jeden ein, unsere Kampagne, Aufkl\u00e4rungsarbeit, Initiativen und Projekte aktiv mitzugestalten.<\/p>\n<h3>Wir kl\u00e4ren auf, vermitteln Kompetenz.<\/h3>\n<p>In unseren Bereichen &#8222;Kampa&#8220; und &#8222;Roadshow&#8220; kl\u00e4ren wir \u00fcber geplante Obsoleszenz, deren Folgen und bereits bestehende Alternativen und L\u00f6sungen auf. Mit unserer \u00d6ffentlichkeit liegt uns an der F\u00f6rderung einer breiten \u00f6ffentlichen Debatte, die von Transparenz und Sachlichkeit gepr\u00e4gt ist. So verdeutlichen wir Handlungsoptionen. Wir wollen Menschen ermutigen, die Rolle &#8222;Verbraucher&#8220; hinter sich zu lassen.<\/p>\n<h3>Wir schaffen Orte.<\/h3>\n<p>An vielen Orten (z.B. RepairCafes,\u00a0Werkst\u00e4tten, MURKS.SHOWROOM, MURKS.CENTER, MURKSEUM) f\u00f6rdern wir die Begegnung von Menschen, die die werdende Kreislaufgesellschaft mitgestalten, einander helfen und miteinander neue Wege gehen und erm\u00f6glichen wollen.<\/p>\n<h3>Wir vernetzen Alternativen.<\/h3>\n<p>Sowohl analog in der Gruppe &#8222;Netzwerk&#8220; als auch digital in der Gruppe &#8222;Portal&#8220; vernetzen und b\u00fcndeln wir Menschen und Organisationen, die unsere Perspektiven mittragen und gemeinsam weiterentwickeln wollen. Wir wollen die bereits werdende Kreislaufgesellschaft sichtbar und f\u00fcr alle erfahrbar machen.<\/p>\n<h3>Jetzt mitmachen und Kontakt aufnehmen<\/h3>\n\n<div class=\"wpcf7 no-js\" id=\"wpcf7-f10-o1\" lang=\"en-US\" dir=\"ltr\">\n<div class=\"screen-reader-response\"><p role=\"status\" aria-live=\"polite\" aria-atomic=\"true\"><\/p> <ul><\/ul><\/div>\n<form action=\"\/verein\/wp-json\/wp\/v2\/pages\/465#wpcf7-f10-o1\" method=\"post\" class=\"wpcf7-form init\" aria-label=\"Contact form\" novalidate=\"novalidate\" data-status=\"init\">\n<div style=\"display: none;\">\n<input type=\"hidden\" name=\"_wpcf7\" value=\"10\" \/>\n<input type=\"hidden\" name=\"_wpcf7_version\" value=\"5.9.8\" \/>\n<input type=\"hidden\" name=\"_wpcf7_locale\" value=\"en_US\" \/>\n<input type=\"hidden\" name=\"_wpcf7_unit_tag\" value=\"wpcf7-f10-o1\" \/>\n<input type=\"hidden\" name=\"_wpcf7_container_post\" value=\"0\" \/>\n<input type=\"hidden\" name=\"_wpcf7_posted_data_hash\" value=\"\" \/>\n<\/div>\n<p>Ihr Name (Pflichtfeld)\n<\/p>\n<p><span class=\"wpcf7-form-control-wrap\" data-name=\"your-name\"><input size=\"40\" maxlength=\"400\" class=\"wpcf7-form-control wpcf7-text wpcf7-validates-as-required\" aria-required=\"true\" aria-invalid=\"false\" value=\"\" type=\"text\" name=\"your-name\" \/><\/span>\n<\/p>\n<p>Ihre E-Mail-Adresse (Pflichtfeld)\n<\/p>\n<p><span class=\"wpcf7-form-control-wrap\" data-name=\"your-email\"><input size=\"40\" maxlength=\"400\" class=\"wpcf7-form-control wpcf7-email wpcf7-validates-as-required wpcf7-text wpcf7-validates-as-email\" aria-required=\"true\" aria-invalid=\"false\" value=\"\" type=\"email\" name=\"your-email\" \/><\/span>\n<\/p>\n<p>Betreff (Pflichtfeld)\n<\/p>\n<p><span class=\"wpcf7-form-control-wrap\" data-name=\"your-subject\"><input size=\"40\" maxlength=\"400\" class=\"wpcf7-form-control wpcf7-text wpcf7-validates-as-required\" aria-required=\"true\" aria-invalid=\"false\" value=\"\" type=\"text\" name=\"your-subject\" \/><\/span>\n<\/p>\n<p>Ihre Nachricht\n<\/p>\n<p><span class=\"wpcf7-form-control-wrap\" data-name=\"your-message\"><textarea cols=\"40\" rows=\"10\" maxlength=\"2000\" class=\"wpcf7-form-control wpcf7-textarea\" aria-invalid=\"false\" name=\"your-message\"><\/textarea><\/span>\n<\/p>\n<p><span class=\"wpcf7-form-control-wrap kc_captcha\" data-name=\"kc_captcha\"><span class=\"wpcf7-form-control wpcf7-radio\"><span class=\"captcha-image\" ><span class=\"cf7ic_instructions\">Please prove you are human by selecting the<span> heart<\/span>.<\/span><label><input aria-label=\"1\" type=\"radio\" name=\"kc_captcha\" value=\"kc_human\" \/><svg aria-hidden=\"true\" role=\"img\" xmlns=\"http:\/\/www.w3.org\/2000\/svg\" viewBox=\"0 0 576 512\"><path fill=\"currentColor\" d=\"M415 24c-53 0-103 42-127 65-24-23-74-65-127-65C70 24 16 77 16 166c0 72 67 133 69 135l187 181c9 8 23 8 32 0l187-180c2-3 69-64 69-136 0-89-54-142-145-142z\"\/><\/svg><\/label><label><input aria-label=\"2\" type=\"radio\" name=\"kc_captcha\" value=\"bot\" \/><svg aria-hidden=\"true\" role=\"img\" xmlns=\"http:\/\/www.w3.org\/2000\/svg\" viewBox=\"0 0 576 512\"><path fill=\"currentColor\" d=\"M488 313v143c0 13-11 24-24 24H348c-7 0-12-5-12-12V356c0-7-5-12-12-12h-72c-7 0-12 5-12 12v112c0 7-5 12-12 12H112c-13 0-24-11-24-24V313c0-4 2-7 4-10l188-154c5-4 11-4 16 0l188 154c2 3 4 6 4 10zm84-61l-84-69V44c0-6-5-12-12-12h-56c-7 0-12 6-12 12v73l-89-74a48 48 0 00-61 0L4 252c-5 4-5 12-1 17l25 31c5 5 12 5 17 1l235-193c5-4 11-4 16 0l235 193c5 5 13 4 17-1l25-31c4-6 4-13-1-17z\"\/><\/svg><\/label><label><input aria-label=\"3\" type=\"radio\" name=\"kc_captcha\" value=\"bot\" \/><svg aria-hidden=\"true\" role=\"img\" xmlns=\"http:\/\/www.w3.org\/2000\/svg\" viewBox=\"0 0 640 512\"><path fill=\"currentColor\" d=\"M624 352h-16V244c0-13-5-25-14-34L494 110c-9-9-21-14-34-14h-44V48c0-26-21-48-48-48H48C22 0 0 22 0 48v320c0 27 22 48 48 48h16a96 96 0 00192 0h128a96 96 0 00192 0h48c9 0 16-7 16-16v-32c0-9-7-16-16-16zM160 464a48 48 0 110-96 48 48 0 010 96zm320 0a48 48 0 110-96 48 48 0 010 96zm80-208H416V144h44l100 100v12z\"\/><\/svg><\/label>\r\n    <\/span>\r\n    <span style=\"display:none\">\r\n        <input type=\"text\" name=\"kc_honeypot\">\r\n    <\/span><\/span><\/span>\n<\/p>\n<p><p><span class=\"wpcf7-form-control-wrap\"><input id=\"f12_captcha\" type=\"text\" style=\"visibility:hidden!important; opacity:1!important; height:0!important; width:0!important; margin:0!important; padding:0!important;\" name=\"f12_captcha\" value=\"\"\/><input type=\"hidden\" name=\"behavior_nonce\" value=\"\" \/><script>\r\n(function(){\r\n\tvar el = document.currentScript;\r\n\tif (!el) return;\r\n\tvar form = el.closest(\"form\");\r\n\tif (!form || form.dataset.ssInit === \"1\") return;\r\n\tform.dataset.ssInit = \"1\";\r\n\tform.dataset.ssMode = \"protect\";\r\n\tform.dataset.ssSource = \"rule\";\r\n})();\r\n<\/script><\/span><\/p><input class=\"wpcf7-form-control wpcf7-submit has-spinner\" type=\"submit\" value=\"Senden\" \/>\n<\/p><div class=\"wpcf7-response-output\" aria-hidden=\"true\"><\/div>\n<\/form>\n<\/div>\n\n","protected":false},"excerpt":{"rendered":"<p>Wir laden jeden ein, unsere Kampagne, Aufkl\u00e4rungsarbeit, Initiativen und Projekte aktiv mitzugestalten. Wir kl\u00e4ren auf, vermitteln Kompetenz. In unseren Bereichen &#8222;Kampa&#8220; und &#8222;Roadshow&#8220; kl\u00e4ren wir \u00fcber geplante Obsoleszenz, deren Folgen&#8230;<\/p>\n","protected":false},"author":1,"featured_media":0,"parent":0,"menu_order":0,"comment_status":"open","ping_status":"open","template":"","meta":{"footnotes":""},"_links":{"self":[{"href":"http:\/\/www.murks-nein-danke.de\/verein\/wp-json\/wp\/v2\/pages\/465"}],"collection":[{"href":"http:\/\/www.murks-nein-danke.de\/verein\/wp-json\/wp\/v2\/pages"}],"about":[{"href":"http:\/\/www.murks-nein-danke.de\/verein\/wp-json\/wp\/v2\/types\/page"}],"author":[{"embeddable":true,"href":"http:\/\/www.murks-nein-danke.de\/verein\/wp-json\/wp\/v2\/users\/1"}],"replies":[{"embeddable":true,"href":"http:\/\/www.murks-nein-danke.de\/verein\/wp-json\/wp\/v2\/comments?post=465"}],"version-history":[{"count":6,"href":"http:\/\/www.murks-nein-danke.de\/verein\/wp-json\/wp\/v2\/pages\/465\/revisions"}],"predecessor-version":[{"id":837,"href":"http:\/\/www.murks-nein-danke.de\/verein\/wp-json\/wp\/v2\/pages\/465\/revisions\/837"}],"wp:attachment":[{"href":"http:\/\/www.murks-nein-danke.de\/verein\/wp-json\/wp\/v2\/media?parent=465"}],"curies":[{"name":"wp","href":"https:\/\/api.w.org\/{rel}","templated":true}]}}