{"id":24,"date":"2024-01-12T12:33:24","date_gmt":"2024-01-12T11:33:24","guid":{"rendered":"https:\/\/www.murks-nein-danke.de\/mitfinanzieren\/?page_id=24"},"modified":"2024-01-12T17:08:31","modified_gmt":"2024-01-12T16:08:31","slug":"kleinspendenregeleung","status":"publish","type":"page","link":"https:\/\/www.murks-nein-danke.de\/mitfinanzieren\/kleinspendenregeleung\/","title":{"rendered":"Kleinspendenregeleung"},"content":{"rendered":"\n<p>F\u00fcr Kleinspenden bis 200 EUR ist in Deutschland keine Zuwendungs-best\u00e4tigung (\u201cSpendenbescheinigung\u201d) nach amtlichem Muster n\u00f6tig \u2013 es gen\u00fcgt ein Beleg aus dem Name und Kontonummer oder ein sonstiges Identifizierungsmerkmal des Auftraggebers und des Empf\u00e4ngers, der Betrag, der Buchungstag sowie die tats\u00e4chliche Durchf\u00fchrung der Zahlung hervorgehen.<\/p>\n\n\n\n<p>Auf dem Beleg m\u00fcssen dabei folgende Angaben stehen:<\/p>\n\n\n\n<ul class=\"wp-block-list\">\n<li>Angaben \u00fcber die Freistellung des Empf\u00e4ngers von der K\u00f6rperschaftsteuer<\/li>\n\n\n\n<li>der Verwendungszweck der Spende<\/li>\n\n\n\n<li>dass es sich bei der Zuwendung um eine Spende oder einen Mitgliedsbeitrag handelt<\/li>\n<\/ul>\n\n\n\n<p>Dabei sind <strong>zwei Belege<\/strong> erforderlich:<\/p>\n\n\n\n<ol class=\"wp-block-list\">\n<li>ein vom Spendenempf\u00e4nger (gemeinn\u00fctzige Einrichtung) hergestellter Beleg mit Angaben \u00fcber die K\u00f6rperschaftsteuerfreistellung und dazu, ob es sich bei der Zuwendung um eine Spende oder einen Mitgliedsbeitrag handelt.<\/li>\n\n\n\n<li>die Buchungsbest\u00e4tigung eines Kreditinstituts (\u00a7 50 Abs. 2 Satz 1 Nr. 2 Buchst. b EStDV).<\/li>\n<\/ol>\n\n\n\n<p>Das kann eine Einzahlungsbeleg aber auch der Kontoauszug sein. Auch ein selbst erstellter<strong> Online-Banking-Ausdruck <\/strong>gen\u00fcgt Nachweis, wenn aus ihm Name und Kontonummer des Auftraggebers und Empf\u00e4ngers, der Betrag sowie der Buchungstag ersichtlich sind.<\/p>\n\n\n\n<p>Auch f\u00fcr Zuwendungen \u00fcber das Online-Bezahlsystem <strong>\u201ePayPal\u201c<\/strong> gilt der vereinfachte Zuwendungsnachweis. Das in \u00a7 50 Abs. 2 Satz 1 EStDV geforderte Merkmal \u201eBuchungsbest\u00e4tigung eines Kreditinstituts\u201c wird durch den \u201eKontoauszug\u201c des PayPal-Kontos zusammen mit einem Ausdruck \u00fcber die Transaktionsdetails der Zuwendung erf\u00fcllt (u.a. FinBeh Hamburg, 7.8.2013, 52 \u2013 S 2223 \u2013 009\/12).<\/p>\n\n\n\n<p><em>Wichtig: Bei Online-Zahlungen ersetzt der selbst erstellte Ausdruck nur die Buchungsbest\u00e4tigung des Kreditinstituts, nicht den Beleg des Spendenempf\u00e4ngers. Der ist bei Kleinspenden an gemeinn\u00fctzige Einrichtungen immer erforderlich.<\/em><\/p>\n\n\n\n<p><a href=\"https:\/\/www.murks-nein-danke.de\/mitfinanzieren\/bitte-spenden-sie\/\">JETZT SPENDEN<\/a><\/p>\n\n\n\n<p>Die 200-Euro-Grenze beim vereinfachten Spendennachweis gilt pro Betrag. Es k\u00f6nnen also mehrfach pro Jahre Zahlungen so nachgewiesen werden. Das gilt auch f\u00fcr Mitgliedsbeitr\u00e4ge, soweit sie steuerlich abzugsf\u00e4hig sind.<\/p>\n\n\n\n<p>M\u00f6glich ist das vereinfachte Spendenverfahren auch bei Nutzung des <strong>Lastschriftverfahrens<\/strong>. Die Buchungsbest\u00e4tigung muss dann Angaben \u00fcber den steuerbeg\u00fcnstigten Zweck, f\u00fcr den die Zuwendung verwendet wird, und \u00fcber die Steuerbeg\u00fcnstigung des Vereins enthalten (FinMin Schleswig-Holstein, Medieninformation vom 17.08.2015).<\/p>\n\n\n\n<p><em>Hinweis: SEPA-Lastschriften sind nur elektronisch m\u00f6glich. Die gemeinn\u00fctzige Einrichtung muss die entsprechenden Angaben im Bereich \u201eKundenreferenznummer\/Verwendungszweck\u201c machen.<\/em><\/p>\n\n\n\n<p>F\u00fcr Spendenaufrufe ist die Kleinspendenregelung f\u00fcr den Verein eine deutliche Erleichterung. Es entf\u00e4llt die Ausstellung eine Zuwendungsbescheinigung und damit zus\u00e4tzlicher Verwaltungsaufwand. Spendennachweise sind damit ohne einen eigenen Beleg des Empf\u00e4ngers m\u00f6glich.<\/p>\n\n\n\n<p><a href=\"https:\/\/www.murks-nein-danke.de\/mitfinanzieren\/bitte-spenden-sie\/\">JETZT SPENDEN<\/a><\/p>\n","protected":false},"excerpt":{"rendered":"<p>F\u00fcr Kleinspenden bis 200 EUR ist in Deutschland keine Zuwendungs-best\u00e4tigung (\u201cSpendenbescheinigung\u201d) nach amtlichem Muster n\u00f6tig \u2013 es gen\u00fcgt ein Beleg aus dem Name und Kontonummer oder ein sonstiges Identifizierungsmerkmal des&#8230;<\/p>\n","protected":false},"author":1,"featured_media":0,"parent":0,"menu_order":0,"comment_status":"closed","ping_status":"closed","template":"","meta":{"footnotes":""},"class_list":["post-24","page","type-page","status-publish","hentry","entry"],"_links":{"self":[{"href":"https:\/\/www.murks-nein-danke.de\/mitfinanzieren\/wp-json\/wp\/v2\/pages\/24","targetHints":{"allow":["GET"]}}],"collection":[{"href":"https:\/\/www.murks-nein-danke.de\/mitfinanzieren\/wp-json\/wp\/v2\/pages"}],"about":[{"href":"https:\/\/www.murks-nein-danke.de\/mitfinanzieren\/wp-json\/wp\/v2\/types\/page"}],"author":[{"embeddable":true,"href":"https:\/\/www.murks-nein-danke.de\/mitfinanzieren\/wp-json\/wp\/v2\/users\/1"}],"replies":[{"embeddable":true,"href":"https:\/\/www.murks-nein-danke.de\/mitfinanzieren\/wp-json\/wp\/v2\/comments?post=24"}],"version-history":[{"count":2,"href":"https:\/\/www.murks-nein-danke.de\/mitfinanzieren\/wp-json\/wp\/v2\/pages\/24\/revisions"}],"predecessor-version":[{"id":32,"href":"https:\/\/www.murks-nein-danke.de\/mitfinanzieren\/wp-json\/wp\/v2\/pages\/24\/revisions\/32"}],"wp:attachment":[{"href":"https:\/\/www.murks-nein-danke.de\/mitfinanzieren\/wp-json\/wp\/v2\/media?parent=24"}],"curies":[{"name":"wp","href":"https:\/\/api.w.org\/{rel}","templated":true}]}}