{"id":29,"date":"2024-01-12T12:35:47","date_gmt":"2024-01-12T11:35:47","guid":{"rendered":"https:\/\/www.murks-nein-danke.de\/mitfinanzieren\/?page_id=29"},"modified":"2024-05-08T13:43:10","modified_gmt":"2024-05-08T11:43:10","slug":"bitte-spenden-sie","status":"publish","type":"page","link":"https:\/\/www.murks-nein-danke.de\/mitfinanzieren\/bitte-spenden-sie\/","title":{"rendered":"Bitte spenden Sie"},"content":{"rendered":"\n<p>Wir arbeiten zu hundert Prozent ehrenamtlich und nutzen unsere Finanzen zur Umsetzung der gemeinn\u00fctzigen Zwecke. Bitte unterst\u00fctzen Sie uns Arbeit mit Ihrer gro\u00dfz\u00fcgigen Spende.<\/p>\n\n\n\n<p>Unsere Bankverbindung<\/p>\n\n\n\n<p>GLS Bank eG<br>IBAN DE23 4306 0967 1156 7029 00<br>BIC GENODEM1GLS<\/p>\n\n\n\n<p>Sie k\u00f6nnen gerne auch das nachfolgende Formular nutzen. Bis 200 Euro wird Ihr Kontoauszug steuerlich als Spendenbescheinigung anerkannt. Bei gr\u00f6\u00dferen Spenden stellen wir Ihnen gerne auf Anfrage eine Spendenbescheinigung aus. <\/p>\n\n\n<div class=\"give-embed-form-wrapper\" id=\"give-69e0899820256\"><iframe\n\t\t\t\tname=\"give-embed-form\"\n\t\t\t\tsrc=\"https:\/\/www.murks-nein-danke.de\/mitfinanzieren\/give\/donation-form?giveDonationFormInIframe=1\"\n\t\t\t\t\n\t\t\t\tdata-autoScroll=\"0\"\n\t\t\t\tonload=\"if( 'undefined' !== typeof Give ) { Give.initializeIframeResize(this) }\"\n\t\t\t\tstyle=\"border: 0;visibility: hidden;min-height: 721px;\"><\/iframe><div class=\"iframe-loader\">\n<div style=\"\n\t\theight: calc(100% - 28px);\n\t\twidth: calc(100% - 20px);\n\t\tmax-width: 552px;\n\t\tmargin: 10px auto 10px auto;\n\t\tbackground: #fff;\n\t\tborder-radius: 6px;\n\t\tdisplay: flex;\n\t\talign-items: center;\n\t\tjustify-content: center;\n\t\t-webkit-box-shadow: 0 2px 2px 0 rgba(0, 0, 0, 0.14),\n\t\t\t0 3px 1px -2px rgba(0, 0, 0, 0.2),\n\t\t\t0 1px 5px 0 rgba(0, 0, 0, 0.12);\n\t\tbox-shadow: 0 2px 2px 0 rgba(0, 0, 0, 0.14),\n\t\t\t0 3px 1px -2px rgba(0, 0, 0, 0.2),\n\t\t\t0 1px 5px 0 rgba(0, 0, 0, 0.12);\n\t\">\n    <div style=\"\n        pointer-events: none;\n        height: 90px;\n        width: 90px;\n        background-image: url(&quot;data:image\/svg+xml;charset=utf8,%3C?xml version='1.0' encoding='utf-8'?%3E%3C!-- Generator: Adobe Illustrator 24.1.0, SVG Export Plug-In . SVG Version: 6.00 Build 0) --%3E%3Csvg version='1.1' id='Layer_1' xmlns='http:\/\/www.w3.org\/2000\/svg' xmlns:xlink='http:\/\/www.w3.org\/1999\/xlink' x='0px' y='0px' viewBox='0 0 349 348' style='enable-background:new 0 0 349 348;' xml:space='preserve'%3E%3Cstyle type='text\/css'%3E .st0{fill:%2328C77B;} %3C\/style%3E%3Cpath class='st0' d='M25.1,204.57c-13.38,0-24.47-10.6-24.97-24.08C0.04,178.09,0,175.97,0,174C0,77.78,78.28-0.5,174.5-0.5 c13.81,0,25,11.19,25,25s-11.19,25-25,25C105.85,49.5,50,105.35,50,174c0,1.37,0.03,2.85,0.1,4.65c0.51,13.8-10.27,25.39-24.07,25.9 C25.72,204.56,25.41,204.57,25.1,204.57z'\/%3E%3Cpath class='st0' d='M174.5,348.5c-13.81,0-25-11.19-25-25c0-13.81,11.19-25,25-25c68.65,0,124.5-55.85,124.5-124.5 c0-1.38-0.03-2.85-0.1-4.65c-0.51-13.8,10.26-25.4,24.06-25.91c13.83-0.53,25.4,10.26,25.91,24.06c0.09,2.39,0.13,4.51,0.13,6.49 C349,270.22,270.72,348.5,174.5,348.5z'\/%3E%3C\/svg%3E&quot;);\n        animation: spin 0.6s linear infinite;\n        \"><\/div>\n<\/div>\n<\/div><\/div>\n","protected":false},"excerpt":{"rendered":"<p>Wir arbeiten zu hundert Prozent ehrenamtlich und nutzen unsere Finanzen zur Umsetzung der gemeinn\u00fctzigen Zwecke. Bitte unterst\u00fctzen Sie uns Arbeit mit Ihrer gro\u00dfz\u00fcgigen Spende. Unsere Bankverbindung GLS Bank eGIBAN DE23&#8230;<\/p>\n","protected":false},"author":1,"featured_media":0,"parent":0,"menu_order":0,"comment_status":"closed","ping_status":"closed","template":"","meta":{"footnotes":""},"class_list":["post-29","page","type-page","status-publish","hentry","entry"],"_links":{"self":[{"href":"https:\/\/www.murks-nein-danke.de\/mitfinanzieren\/wp-json\/wp\/v2\/pages\/29","targetHints":{"allow":["GET"]}}],"collection":[{"href":"https:\/\/www.murks-nein-danke.de\/mitfinanzieren\/wp-json\/wp\/v2\/pages"}],"about":[{"href":"https:\/\/www.murks-nein-danke.de\/mitfinanzieren\/wp-json\/wp\/v2\/types\/page"}],"author":[{"embeddable":true,"href":"https:\/\/www.murks-nein-danke.de\/mitfinanzieren\/wp-json\/wp\/v2\/users\/1"}],"replies":[{"embeddable":true,"href":"https:\/\/www.murks-nein-danke.de\/mitfinanzieren\/wp-json\/wp\/v2\/comments?post=29"}],"version-history":[{"count":3,"href":"https:\/\/www.murks-nein-danke.de\/mitfinanzieren\/wp-json\/wp\/v2\/pages\/29\/revisions"}],"predecessor-version":[{"id":937,"href":"https:\/\/www.murks-nein-danke.de\/mitfinanzieren\/wp-json\/wp\/v2\/pages\/29\/revisions\/937"}],"wp:attachment":[{"href":"https:\/\/www.murks-nein-danke.de\/mitfinanzieren\/wp-json\/wp\/v2\/media?parent=29"}],"curies":[{"name":"wp","href":"https:\/\/api.w.org\/{rel}","templated":true}]}}