{"id":903,"date":"2024-01-12T15:00:27","date_gmt":"2024-01-12T14:00:27","guid":{"rendered":"https:\/\/www.murks-nein-danke.de\/mitfinanzieren\/?page_id=903"},"modified":"2024-01-12T15:00:28","modified_gmt":"2024-01-12T14:00:28","slug":"beitritt-person","status":"publish","type":"page","link":"https:\/\/www.murks-nein-danke.de\/mitfinanzieren\/beitritt-person\/","title":{"rendered":"Beitritt Person"},"content":{"rendered":"\n<div class=\"wpcf7 no-js\" id=\"wpcf7-f897-o1\" lang=\"de-DE\" dir=\"ltr\">\n<div class=\"screen-reader-response\"><p role=\"status\" aria-live=\"polite\" aria-atomic=\"true\"><\/p> <ul><\/ul><\/div>\n<form action=\"\/mitfinanzieren\/wp-json\/wp\/v2\/pages\/903#wpcf7-f897-o1\" method=\"post\" class=\"wpcf7-form init\" aria-label=\"Kontaktformular\" enctype=\"multipart\/form-data\" novalidate=\"novalidate\" data-status=\"init\">\n<div style=\"display: none;\">\n<input type=\"hidden\" name=\"_wpcf7\" value=\"897\" \/>\n<input type=\"hidden\" name=\"_wpcf7_version\" value=\"5.9.4\" \/>\n<input type=\"hidden\" name=\"_wpcf7_locale\" value=\"de_DE\" \/>\n<input type=\"hidden\" name=\"_wpcf7_unit_tag\" value=\"wpcf7-f897-o1\" \/>\n<input type=\"hidden\" name=\"_wpcf7_container_post\" value=\"0\" \/>\n<input type=\"hidden\" name=\"_wpcf7_posted_data_hash\" value=\"\" \/>\n<\/div>\n<p><b>Beitrittserkl\u00e4rung f\u00fcr eine F\u00f6rdermitgliedschaft (Person) im MURKS? NEIN DANKE! e.V.:<\/b>\n<\/p>\n<p>* = Pflichtfeld\n<\/p>\n<p><label> Anrede\/Titel*<br \/>\n<span class=\"wpcf7-form-control-wrap\" data-name=\"anrede-titel\"><input size=\"40\" class=\"wpcf7-form-control wpcf7-text wpcf7-validates-as-required\" aria-required=\"true\" aria-invalid=\"false\" value=\"\" type=\"text\" name=\"anrede-titel\" \/><\/span> <\/label>\n<\/p>\n<p><label> Vorname und Name*<br \/>\n<span class=\"wpcf7-form-control-wrap\" data-name=\"vorname-name\"><input size=\"40\" class=\"wpcf7-form-control wpcf7-text wpcf7-validates-as-required\" aria-required=\"true\" aria-invalid=\"false\" value=\"\" type=\"text\" name=\"vorname-name\" \/><\/span> <\/label>\n<\/p>\n<p><label> Telefon*<br \/>\n<span class=\"wpcf7-form-control-wrap\" data-name=\"telefon\"><input size=\"40\" class=\"wpcf7-form-control wpcf7-tel wpcf7-validates-as-required wpcf7-text wpcf7-validates-as-tel\" aria-required=\"true\" aria-invalid=\"false\" value=\"\" type=\"tel\" name=\"telefon\" \/><\/span> <\/label>\n<\/p>\n<p><label> Emailadresse*<br \/>\n<span class=\"wpcf7-form-control-wrap\" data-name=\"emailadresse\"><input size=\"40\" class=\"wpcf7-form-control wpcf7-email wpcf7-validates-as-required wpcf7-text wpcf7-validates-as-email\" aria-required=\"true\" aria-invalid=\"false\" value=\"\" type=\"email\" name=\"emailadresse\" \/><\/span> <\/label>\n<\/p>\n<p><label> Strasse und Hausnummer*<br \/>\n<span class=\"wpcf7-form-control-wrap\" data-name=\"strasse-hausnummer\"><input size=\"40\" class=\"wpcf7-form-control wpcf7-text wpcf7-validates-as-required\" aria-required=\"true\" aria-invalid=\"false\" value=\"\" type=\"text\" name=\"strasse-hausnummer\" \/><\/span> <\/label>\n<\/p>\n<p><label> Postleitzahl\/Wohnort*<br \/>\n<span class=\"wpcf7-form-control-wrap\" data-name=\"plz-ort\"><input size=\"40\" class=\"wpcf7-form-control wpcf7-text wpcf7-validates-as-required\" aria-required=\"true\" aria-invalid=\"false\" value=\"\" type=\"text\" name=\"plz-ort\" \/><\/span> <\/label>\n<\/p>\n<p><label> Land\/Bundesland*<br \/>\n<span class=\"wpcf7-form-control-wrap\" data-name=\"land-bundesland\"><input size=\"40\" class=\"wpcf7-form-control wpcf7-text wpcf7-validates-as-required\" aria-required=\"true\" aria-invalid=\"false\" value=\"\" type=\"text\" name=\"land-bundesland\" \/><\/span> <\/label>\n<\/p>\n<p><label> Geburtsdatum*<br \/>\n<span class=\"wpcf7-form-control-wrap\" data-name=\"geburtsdatum\"><input class=\"wpcf7-form-control wpcf7-date wpcf7-validates-as-required wpcf7-validates-as-date\" aria-required=\"true\" aria-invalid=\"false\" value=\"\" type=\"date\" name=\"geburtsdatum\" \/><\/span> <\/label>\n<\/p>\n<p><label> Organisation (informativ)<br \/>\n<span class=\"wpcf7-form-control-wrap\" data-name=\"organisation\"><input size=\"40\" class=\"wpcf7-form-control wpcf7-text\" aria-invalid=\"false\" value=\"\" type=\"text\" name=\"organisation\" \/><\/span> <\/label>\n<\/p>\n<p><label> Funktion (informativ)<br \/>\n<span class=\"wpcf7-form-control-wrap\" data-name=\"funktion\"><input size=\"40\" class=\"wpcf7-form-control wpcf7-text\" aria-invalid=\"false\" value=\"\" type=\"text\" name=\"funktion\" \/><\/span> <\/label>\n<\/p>\n<p>Mit Ihrer F\u00f6rdermitgliedschaft st\u00e4rken Sie unsere Unabh\u00e4ngigkeit. Bitte w\u00e4hlen Sie die zu Ihnen passende F\u00f6rdermitgliedschaft (Erm\u00e4\u00dfigung gilt f\u00fcr Sch\u00fclerInnen, StudentInnen und Geringverdienende, bitte belegen). Die Abbuchung erfolgt pro Jahr. Wir danken Ihnen herzlich f\u00fcr Ihre Unterst\u00fctzung.\n<\/p>\n<p><label> Bitte w\u00e4hlen Sie hier Ihre Mitgliedschaft. (Pflichtfeld)<br \/>\n<span class=\"wpcf7-form-control-wrap\" data-name=\"mitgliedschaft\"><select class=\"wpcf7-form-control wpcf7-select wpcf7-validates-as-required\" aria-required=\"true\" aria-invalid=\"false\" name=\"mitgliedschaft\"><option value=\"F\u00f6rdermitgliedschaft erm\u00e4\u00dfigt (24 EUR pro Jahr)\">F\u00f6rdermitgliedschaft erm\u00e4\u00dfigt (24 EUR pro Jahr)<\/option><option value=\"F\u00f6rdermitgliedschaft (60 EUR pro Jahr)\">F\u00f6rdermitgliedschaft (60 EUR pro Jahr)<\/option><option value=\"F\u00f6rdermitgliedschaft (Selbsteinsch\u00e4tzung, 60 EUR pro Jahr Minimum, siehe unten)\">F\u00f6rdermitgliedschaft (Selbsteinsch\u00e4tzung, 60 EUR pro Jahr Minimum, siehe unten)<\/option><\/select><\/span> <\/label>\n<\/p>\n<p><label> Sie k\u00f6nnen hier Ihre Beitragsh\u00f6he <b>pro Monat<\/b> angeben (mindestens ab 60 EUR pro Jahr). Gerne unterst\u00fctze ich Ihre Organisation mit <span class=\"wpcf7-form-control-wrap\" data-name=\"selbsteinschaetzung\"><input size=\"5\" class=\"wpcf7-form-control wpcf7-text\" aria-invalid=\"false\" value=\"\" type=\"text\" name=\"selbsteinschaetzung\" \/><\/span> Euro pro Monat.<\/label>\n<\/p>\n<p><label>Sollten Sie die erm\u00e4\u00dfgte Mitgliedschaft gew\u00e4hlt haben, bitten wir Sie herzlich um \u00dcbersendung eines Belegs. Herzlichen Dank f\u00fcr die Entlastung unserer Verwaltungsarbeit.<br \/>\n<span class=\"wpcf7-form-control-wrap\" data-name=\"beleg-ermaessigung\"><input size=\"40\" class=\"wpcf7-form-control wpcf7-file\" accept=\".png,.jpg,.pdf\" aria-invalid=\"false\" type=\"file\" name=\"beleg-ermaessigung\" \/><\/span> <\/label>\n<\/p>\n<p><label> Bitte best\u00e4tigen (erforderlich)<br \/>\n<span class=\"wpcf7-form-control-wrap\" data-name=\"acceptance-satzung-datenschutz-widerspruch\"><span class=\"wpcf7-form-control wpcf7-acceptance\"><span class=\"wpcf7-list-item\"><input type=\"checkbox\" name=\"acceptance-satzung-datenschutz-widerspruch\" value=\"1\" aria-invalid=\"false\" \/><\/span><\/span><\/span> Die <a href=\"https:\/\/www.murks-nein-danke.de\/verein\/satzung\/\">Satzung<\/a> und die <a rel=\"noreferrer noopener\" aria-label=\" (opens in a new tab)\" href=\"https:\/\/www.murks-nein-danke.de\/verein\/widerspruchserklaerung\/\" target=\"_blank\">Widerrufsbelehrung<\/a> erkennen wir an und willigen in die <a href=\"https:\/\/www.murks-nein-danke.de\/verein\/datenschutzerklaerung\/\">Datenschutzerkl\u00e4rung<\/a> ein. <\/label>\n<\/p>\n<p><b>________SEPA \u2013 Lastschriftmandat______Zahlungsart: Wiederkehrende Zahlung________<\/b>\n<\/p>\n<p>Unsere Gl\u00e4ubiger-Identifikationsnummer lautet DE71ZZZ00001318764.\n<\/p>\n<p>Zur Arbeitsentlastung unserer ehrenamtlichen Verwaltung bitten wir Sie um Ihr Einverst\u00e4ndnis zum Lastschriftmandat. Der Betrag wird j\u00e4hrlich vom Konto abgebucht. Herzlichen Dank f\u00fcr Ihre Unterst\u00fctzung.\n<\/p>\n<p><label> Bitte best\u00e4tigen (erforderlich)<br \/>\n<span class=\"wpcf7-form-control-wrap\" data-name=\"acceptance-lastschrift\"><span class=\"wpcf7-form-control wpcf7-acceptance\"><span class=\"wpcf7-list-item\"><label><input type=\"checkbox\" name=\"acceptance-lastschrift\" value=\"1\" aria-invalid=\"false\" \/><span class=\"wpcf7-list-item-label\">Ich erm\u00e4chtige den Verein MURKS? NEIN DANKE! e. V., Zahlungen von meinem Konto mittels Lastschrift einzuziehen. Zugleich weise ich mein Kreditinstitut an, die vom Zahlungsempf\u00e4nger MURKS? NEIN DANKE! e. V. auf mein Konto gezogenen Lastschriften einzul\u00f6sen. Die Einzugserm\u00e4chtigung kann ich jederzeit ohne Angabe von Gr\u00fcnden widerrufen.<\/span><\/label><\/span><\/span><\/span><\/label>\n<\/p>\n<p><label> Bankinstitut (Pflichtfeld)<br \/>\n<span class=\"wpcf7-form-control-wrap\" data-name=\"bankinstitut\"><input size=\"40\" class=\"wpcf7-form-control wpcf7-text wpcf7-validates-as-required\" aria-required=\"true\" aria-invalid=\"false\" value=\"\" type=\"text\" name=\"bankinstitut\" \/><\/span> <\/label>\n<\/p>\n<p><label> IBAN (Pflichtfeld)<br \/>\n<span class=\"wpcf7-form-control-wrap\" data-name=\"iban\"><input size=\"40\" class=\"wpcf7-form-control wpcf7-text wpcf7-validates-as-required\" aria-required=\"true\" aria-invalid=\"false\" value=\"\" type=\"text\" name=\"iban\" \/><\/span> <\/label>\n<\/p>\n<p><label> Kontoinhaber (Pflichtfeld)<br \/>\n<span class=\"wpcf7-form-control-wrap\" data-name=\"kontoinhaber\"><input size=\"40\" class=\"wpcf7-form-control wpcf7-text wpcf7-validates-as-required\" aria-required=\"true\" aria-invalid=\"false\" value=\"\" type=\"text\" name=\"kontoinhaber\" \/><\/span> <\/label>\n<\/p>\n<p>Hinweis: Ich kann innerhalb von acht Wochen, beginnend mit dem Belastungsdatum, die Erstattung des belasteten Betrages verlangen. Es gelten dabei die mit meinem Kreditinstitut vereinbarten Bedingungen.\n<\/p>\n<p>[cf7ic]<br \/>\n<p><span class=\"wpcf7-form-control-wrap\"><input type=\"hidden\" name=\"php_start_time\" value=\"1776322555.6104\" \/><input type=\"hidden\" name=\"js_end_time\" class=\"js_end_time\" value=\"\" \/><input type=\"hidden\" name=\"js_start_time\" class=\"js_start_time\" value=\"\" \/><input id=\"f12_honey\" type=\"text\" style=\"visibility:hidden; opacity:1; height:0; width:0; margin:0; padding:0;\" name=\"f12_honey\" value=\"\"\/><\/span><\/p><input class=\"wpcf7-form-control wpcf7-submit has-spinner\" type=\"submit\" value=\"Senden\" \/>\n<\/p>\n<p class='lareli'><span class=\"wpcf7-form-control-wrap\" data-name=\"lareli\"><input size=\"40\" class=\"wpcf7-form-control wpcf7-text\" aria-invalid=\"false\" value=\"\" type=\"text\" name=\"lareli\" \/><\/span>\n<\/p>\n<p class='xahozo'><span class=\"wpcf7-form-control-wrap\" data-name=\"xahozo\"><input size=\"40\" class=\"wpcf7-form-control wpcf7-text\" aria-invalid=\"false\" value=\"\" type=\"text\" name=\"xahozo\" \/><\/span>\n<\/p><div class='f12t'><input type=\"hidden\" class=\"f12_timer\" name=\"f12_timer\" value=\"$2y$10$0Wd\/T2SKfoAMb.pdVfhIeu8gK9ujfCTvGd4hl9qLxtemg0C4ArxSO\"\/><\/div><div class='f12t'><input type=\"hidden\" class=\"f12_timer\" name=\"f12_multiple_submission_protection\" value=\"$2y$10$vWFoo0XqX0\/owgRaNd\/\/beiCj7q.FvPkSAOtpOBUqQ\/kzslOHpsw2\"\/><\/div><div class=\"wpcf7-response-output\" aria-hidden=\"true\"><\/div>\n<\/form>\n<\/div>\n\n","protected":false},"excerpt":{"rendered":"","protected":false},"author":1,"featured_media":0,"parent":0,"menu_order":0,"comment_status":"closed","ping_status":"closed","template":"","meta":{"footnotes":""},"class_list":["post-903","page","type-page","status-publish","hentry","entry"],"_links":{"self":[{"href":"https:\/\/www.murks-nein-danke.de\/mitfinanzieren\/wp-json\/wp\/v2\/pages\/903","targetHints":{"allow":["GET"]}}],"collection":[{"href":"https:\/\/www.murks-nein-danke.de\/mitfinanzieren\/wp-json\/wp\/v2\/pages"}],"about":[{"href":"https:\/\/www.murks-nein-danke.de\/mitfinanzieren\/wp-json\/wp\/v2\/types\/page"}],"author":[{"embeddable":true,"href":"https:\/\/www.murks-nein-danke.de\/mitfinanzieren\/wp-json\/wp\/v2\/users\/1"}],"replies":[{"embeddable":true,"href":"https:\/\/www.murks-nein-danke.de\/mitfinanzieren\/wp-json\/wp\/v2\/comments?post=903"}],"version-history":[{"count":1,"href":"https:\/\/www.murks-nein-danke.de\/mitfinanzieren\/wp-json\/wp\/v2\/pages\/903\/revisions"}],"predecessor-version":[{"id":905,"href":"https:\/\/www.murks-nein-danke.de\/mitfinanzieren\/wp-json\/wp\/v2\/pages\/903\/revisions\/905"}],"wp:attachment":[{"href":"https:\/\/www.murks-nein-danke.de\/mitfinanzieren\/wp-json\/wp\/v2\/media?parent=903"}],"curies":[{"name":"wp","href":"https:\/\/api.w.org\/{rel}","templated":true}]}}