{"id":45,"date":"2024-01-13T12:43:49","date_gmt":"2024-01-13T11:43:49","guid":{"rendered":"https:\/\/www.murks-nein-danke.de\/mitmachen\/?page_id=45"},"modified":"2024-01-13T12:43:49","modified_gmt":"2024-01-13T11:43:49","slug":"beppo-sagt-was-richtig-ist","status":"publish","type":"page","link":"https:\/\/www.murks-nein-danke.de\/mitmachen\/beppo-sagt-was-richtig-ist\/","title":{"rendered":"Beppo sagt, was richtig ist."},"content":{"rendered":"\n<p>Stefan Schridde (Gr\u00fcnder von MURKS? NEIN DANKE!): <br>Meinen Kinder habe ich Momo von Michael Ende zweimal vorgelesen. Mir gef\u00e4llt dieses Buch sehr. Die nachfolgende Stelle aus diesem hervorragenden Buch sagt uns etwas dar\u00fcber, wie wir Aufgaben, die uns zu gro\u00df erscheinen, dennoch bew\u00e4ltigen werden. Damit es miteinander Freude macht und gut wird.<\/p>\n\n\n\n<blockquote class=\"wp-block-quote is-layout-flow wp-block-quote-is-layout-flow\">\n<p>\u201eBeppo liebte diese Stunden vor Tagesanbruch, wenn die Stadt noch schlief. Und er tat seine Arbeit gern und gr\u00fcndlich. Er wusste, es war eine sehr notwendige Arbeit.<\/p>\n\n\n\n<p>Wenn er so die Stra\u00dfen kehrte, tat er es langsam, aber stetig: Bei jedem Schritt einen Atemzug und bei jedem Atemzug einen Besenstrich. Dazwischen blieb er manchmal ein Weilchen stehen und blickte nachdenklich vor sich hin. Und dann ging es wieder weiter: Schritt \u2013 Atemzug \u2013 Besenstrich.<\/p>\n\n\n\n<p>W\u00e4hrend er sich so dahinbewegte, vor sich die schmutzige Stra\u00dfe und hinter sich die saubere, kamen ihm oft gro\u00dfe Gedanken. Aber es waren Gedanken ohne Worte, Gedanken, die sich so schwer mitteilen lie\u00dfen wie ein bestimmter Duft, an den man sich nur gerade eben noch erinnert, oder wie eine Farbe, von der man getr\u00e4umt hat. Nach der Arbeit, wenn er bei Momo sa\u00df, erkl\u00e4rte er ihr seine gro\u00dfen Gedanken. Und da sie auf ihre besondere Art zuh\u00f6rte, l\u00f6ste sich seine Zunge, und er fand die richtigen Worte. \u201eSiehst du, Momo\u201c, sagte er dann zum Beispiel, \u201ees ist so: Manchmal hat man eine sehr lange Stra\u00dfe vor sich. Man denkt, die ist so schrecklich lang; das kann man niemals schaffen, denkt man.\u201c<\/p>\n\n\n\n<p>Er blickte eine Weile schweigend vor sich hin, dann fuhr er fort: \u201eUnd dann f\u00e4ngt man an, sich zu beeilen. Und man eilt sich immer mehr. Jedes Mal, wenn man aufblickt, sieht man, dass es gar nicht weniger wird, was noch vor einem liegt. Und man strengt sich noch mehr an, man kriegt es mit der Angst, und zum Schluss ist man ganz au\u00dfer Puste und kann nicht mehr. Und die Stra\u00dfe liegt immer noch vor einem. So darf man es nicht machen.\u201c<\/p>\n\n\n\n<p>Er dachte einige Zeit nach. Dann sprach er weiter: \u201eMan darf nie an die ganze Stra\u00dfe auf einmal denken, verstehst du? Man muss nur an den n\u00e4chsten Schritt denken, an den n\u00e4chsten Atemzug, an den n\u00e4chsten Besenstrich. Und immer wieder nur an den n\u00e4chsten.\u201c Wieder hielt er inne und \u00fcberlegte, ehe er hinzuf\u00fcgte: \u201eDann macht es Freude; das ist wichtig, dann macht man seine Sache gut. Und so soll es sein.\u201c<\/p>\n\n\n\n<p>Und abermals nach einer langen Pause fuhr er fort: \u201eAuf einmal merkt man, dass man Schritt f\u00fcr Schritt die ganze Stra\u00dfe gemacht hat. Man hat gar nicht gemerkt wie, und man ist nicht au\u00dfer Puste.\u201c<br>Er nickte vor sich hin und sagte abschlie\u00dfend:&nbsp;\u201eDas ist wichtig.\u201c<\/p>\n\n\n\n<p>Aus dem Buch \u201eMomo\u201c von Michael Ende<\/p>\n<\/blockquote>\n","protected":false},"excerpt":{"rendered":"<p>Stefan Schridde (Gr\u00fcnder von MURKS? NEIN DANKE!): Meinen Kinder habe ich Momo von Michael Ende zweimal vorgelesen. Mir gef\u00e4llt dieses Buch sehr. Die nachfolgende Stelle aus diesem hervorragenden Buch sagt&#8230;<\/p>\n","protected":false},"author":1,"featured_media":0,"parent":0,"menu_order":0,"comment_status":"closed","ping_status":"closed","template":"","meta":{"iawp_total_views":78,"footnotes":""},"class_list":["post-45","page","type-page","status-publish","hentry","entry"],"_links":{"self":[{"href":"https:\/\/www.murks-nein-danke.de\/mitmachen\/wp-json\/wp\/v2\/pages\/45","targetHints":{"allow":["GET"]}}],"collection":[{"href":"https:\/\/www.murks-nein-danke.de\/mitmachen\/wp-json\/wp\/v2\/pages"}],"about":[{"href":"https:\/\/www.murks-nein-danke.de\/mitmachen\/wp-json\/wp\/v2\/types\/page"}],"author":[{"embeddable":true,"href":"https:\/\/www.murks-nein-danke.de\/mitmachen\/wp-json\/wp\/v2\/users\/1"}],"replies":[{"embeddable":true,"href":"https:\/\/www.murks-nein-danke.de\/mitmachen\/wp-json\/wp\/v2\/comments?post=45"}],"version-history":[{"count":1,"href":"https:\/\/www.murks-nein-danke.de\/mitmachen\/wp-json\/wp\/v2\/pages\/45\/revisions"}],"predecessor-version":[{"id":47,"href":"https:\/\/www.murks-nein-danke.de\/mitmachen\/wp-json\/wp\/v2\/pages\/45\/revisions\/47"}],"wp:attachment":[{"href":"https:\/\/www.murks-nein-danke.de\/mitmachen\/wp-json\/wp\/v2\/media?parent=45"}],"curies":[{"name":"wp","href":"https:\/\/api.w.org\/{rel}","templated":true}]}}