{"id":68,"date":"2024-03-17T12:38:27","date_gmt":"2024-03-17T11:38:27","guid":{"rendered":"https:\/\/www.murks-nein-danke.de\/mitmachen\/?page_id=68"},"modified":"2024-03-17T12:43:15","modified_gmt":"2024-03-17T11:43:15","slug":"bildung","status":"publish","type":"page","link":"https:\/\/www.murks-nein-danke.de\/mitmachen\/bildung\/","title":{"rendered":"Bildung"},"content":{"rendered":"\n<p>Uns liegt an der F\u00f6rderung von Dauerhaftigkeit. Die Umstellung einer Gesellschaft auf eine m\u00f6glichst dauerhafte Nutzung von Dingen und Stoffen ist ein wesentlicher Beitrag zum Schutz von Klima und Ressourcen und tr\u00e4gt damit erheblich zu einer enkeltauglichen Zukunft bei. Solche Ver\u00e4nderungsprozesse gelingen besonders, wenn die begleitenden Lernprozesse wohlverstanden genutzt werden. Partizipative Bildungskonzepte tragen wesentlich dazu bei. Wir wollen mit unseren Projekten, Initiativen, Ver\u00f6ffentlichungen und \u00d6ffentlichkeitsarbeit partizipative Entwicklungsprozesse unterst\u00fctzen und mitgestalten. <\/p>\n\n\n\n<p>Wir sind Partner auf individuellen Lebenswegen von Bildung bis Beruf, von der Orientierung bis zur Anwendung. Uns liegt daran, individuelle Entwicklung zu begleiten. Dabei wollen wir die Entwicklung handwerklicher Kompetenzen im Zusammenhang mit Produktdesign, -entwicklung und Reparatur sowie ein theoretisches Verst\u00e4ndnis f\u00fcr die Bedeutung von Dauerhaftigkeit auf gesellschaftlicher und wirtschaftlicher Ebene  vermitteln und in praktischen Anwendungen wohnort- und lebensnah f\u00f6rdern.<\/p>\n\n\n\n<p>Schulen (in Berlin und anderswo) wollen wir in lokale Netzwerke f\u00fcr urbane Reparaturkultur einbinden und mit RepairCafe, Werkst\u00e4tten, Gewerbe- und Wohnungsunternehmen vernetzen. Zugleich unterst\u00fctzen wir den Aufbau solcher Netzwerke f\u00fcr urbane Reparaturkultur in Zusammenarbeit mit den lokalen und kommunalen Akteuren.<\/p>\n\n\n\n<p>An Hochschulen wollen wir Hochschulgruppen (in Berlin und anderswo) aufbauen, begleiten und unterst\u00fctzen. Bildungsangebote an Hochschulen sind oft noch an veralteten linearen Wirtschaftskonzepten ausgerichtet. Die Auswirkungen einer dauerhaften Wiederverwendbarkeit von Dingen und Stoffen nimmt jedoch erheblichen Einfluss auf die Ausrichtung gesellschaftlicher und wirtschaftlicher Strukturen und Prozesse und bewirkt so eine sozial-\u00f6kologische Transformation mit erheblichem Einfluss auf globalen Wettbewerb.  Modern ausgerichtete Arbeitgeber ber\u00fccksichtigen dies in ihren Stratiegien und suchen entsprechend ausgebildete Personen. Absolvent*innen bevorzugen ebenso Angebote, die auf eine nachhaltige Sicherung von Enkeltauglichkeit setzen.  Wir unterst\u00fctzen diese Entwicklungsprozesse mit Angeboten f\u00fcr alle Bereiche und Aufgaben, die sich im Studium ergeben. <\/p>\n\n\n\n<p>Im Rahmen unserer Firmenkooperationen und der Zusammenarbeit mit Berufsverb\u00e4nden f\u00f6rdern und begleiten wir den beruflichen Erfahrungsaustausch. <\/p>\n\n\n\n<p>Unsere partizipativen Bildungsangebote begleiten so den beruflichen Entwicklungsweg von der Berufsorienrungsphase bis zur erfolgreichen beruflichen Karriere. Sollten Sie an einer Teilnahme, Mitwirkung, und Unterst\u00fctzung unserer Bildungsangebote Interesse haben, z\u00f6gern Sie bitte nicht, sogleich mit uns <a href=\"https:\/\/www.murks-nein-danke.de\/verein\/kontakt\/\">Kontakt<\/a> aufzunehmen. <\/p>\n","protected":false},"excerpt":{"rendered":"<p>Uns liegt an der F\u00f6rderung von Dauerhaftigkeit. Die Umstellung einer Gesellschaft auf eine m\u00f6glichst dauerhafte Nutzung von Dingen und Stoffen ist ein wesentlicher Beitrag zum Schutz von Klima und Ressourcen&#8230;<\/p>\n","protected":false},"author":1,"featured_media":0,"parent":0,"menu_order":0,"comment_status":"closed","ping_status":"closed","template":"","meta":{"iawp_total_views":39,"footnotes":""},"class_list":["post-68","page","type-page","status-publish","hentry","entry"],"_links":{"self":[{"href":"https:\/\/www.murks-nein-danke.de\/mitmachen\/wp-json\/wp\/v2\/pages\/68","targetHints":{"allow":["GET"]}}],"collection":[{"href":"https:\/\/www.murks-nein-danke.de\/mitmachen\/wp-json\/wp\/v2\/pages"}],"about":[{"href":"https:\/\/www.murks-nein-danke.de\/mitmachen\/wp-json\/wp\/v2\/types\/page"}],"author":[{"embeddable":true,"href":"https:\/\/www.murks-nein-danke.de\/mitmachen\/wp-json\/wp\/v2\/users\/1"}],"replies":[{"embeddable":true,"href":"https:\/\/www.murks-nein-danke.de\/mitmachen\/wp-json\/wp\/v2\/comments?post=68"}],"version-history":[{"count":2,"href":"https:\/\/www.murks-nein-danke.de\/mitmachen\/wp-json\/wp\/v2\/pages\/68\/revisions"}],"predecessor-version":[{"id":72,"href":"https:\/\/www.murks-nein-danke.de\/mitmachen\/wp-json\/wp\/v2\/pages\/68\/revisions\/72"}],"wp:attachment":[{"href":"https:\/\/www.murks-nein-danke.de\/mitmachen\/wp-json\/wp\/v2\/media?parent=68"}],"curies":[{"name":"wp","href":"https:\/\/api.w.org\/{rel}","templated":true}]}}