{"id":128,"date":"2013-04-24T18:56:14","date_gmt":"2013-04-24T16:56:14","guid":{"rendered":"http:\/\/www.murks-nein-danke.de\/verein\/?page_id=128"},"modified":"2024-01-13T16:20:17","modified_gmt":"2024-01-13T14:20:17","slug":"nutzen-und-vorteile","status":"publish","type":"page","link":"https:\/\/www.murks-nein-danke.de\/verein\/mitgliedschaft\/nutzen-und-vorteile\/","title":{"rendered":"Nutzen und Vorteile"},"content":{"rendered":"<p>MURKS? NEIN DANKE! hat sich als Verein viel vorgenommen. Ihre Mitgliedschaft erm\u00f6glicht es, diese zahlreiche zielf\u00fchrenden Aktivit\u00e4ten auf einer stabilen Grundlage unabh\u00e4ngig umzusetzen. Redaktionell erw\u00e4hnt sei, dass wir auf dieser Webseite der besseren Lesbarkeit halber durchg\u00e4ngig das Wort &#8222;Mitglieder&#8220; verwenden. Damit ist in keinster Weise eine geschlechterbezogene Diskriminierung beabsichtigt.<\/p>\n<p>Doch bietet unser Verein seinen Mitgliedern schon heute viele Vorteile und sinnvollen Nutzen. Schon heute sind wir die erfolgreiche und marktf\u00fchrende Organisation zur Beendigung der geplanten Obsoleszenz. Durch unsere breite Medienpr\u00e4senz und erfolgreiche \u00d6ffentlichkeits-arbeit konnten wir den gesellschaftlichen und politischen Handlungsbedarf gegen die von Herstellern und dem Handel praktizierten Strategien zur gezielten Verk\u00fcrzung der Nutzungsdauer f\u00fcr Produkte aufzeigen. Unsere internationale Vernetzung schafft eine wirksame Basis f\u00fcr europ\u00e4ischen Kampagnen. So sind wir bereits heute eine kraftvolle Stimme und verbraucherpolitische Interessenvertretung der Verbraucher gegen\u00fcber Politik und Wirtschaft f\u00fcr einen engagierten und wirksamen Verbraucher- und Umweltschutz.<\/p>\n<p>Unserer Satzung lassen sich unsere weitere Pl\u00e4ne f\u00fcr noch mehr Nutzen und Vorteile f\u00fcr unsere Mitglieder entnehmen. Lesen Sie dazu bitte n\u00e4here Informationen auf der Seite &#8222;<a href=\"https:\/\/www.murks-nein-danke.de\/verein\/der-verein\/zwecke-und-aufgaben\/\" target=\"_blank\" rel=\"noopener\">Zwecke und Aufgaben<\/a>&#8222;. Dort finden Sie kursiv dargestellt die bereits in der Umsetzung befindlichen Aufgaben.<\/p>\n<p>Exemplarisch darstellen wollen wir hier<\/p>\n<p><strong>Hilfe zur Selbsthilfe<\/strong><\/p>\n<p>Wir werden weiterhin Veranstaltungen und RepairCafes organisieren, vernetzen und f\u00f6rden, damit solidarische Formen der Eigenreparatur st\u00e4rker in unseren Regionen pr\u00e4sent und f\u00fcr jeden m\u00f6glich werden<\/p>\n<p><b>Verbraucherberatung und Verbraucherschutz<\/b><\/p>\n<p>Wir halten die engagierte und gezielte Verfolgung von Verst\u00f6\u00dfen gegen Verbraucherschutz-gesetze und Verst\u00f6\u00dfen gegen das Wettbewerbsrecht soweit Verbraucherinteressen ber\u00fchrt sind, auch durch die Einleitung gerichtlicher Ma\u00dfnahmen f\u00fcr sinnvoll und notwendig. Hierf\u00fcr werden wir uns stark machen und gezielte Netzwerkarbeit leisten, um wirksame Kraft entfalten zu k\u00f6nnen.<\/p>\n<p>Beratung und Hilfeleistung f\u00fcr die Verbraucher einschlie\u00dflich der Wahrnehmung der Befugnis zur au\u00dfergerichtlichen Rechtsdienstleistung, durch Verbraucherinformation und Verbraucherbildung bedeuten f\u00fcr uns, dass wir u.a. zeitnah hilfreiche Serviceangebote f\u00fcr rechtliche Beratung in Gew\u00e4hrleistungsstreitigkeiten aufbauen wollen.<\/p>\n<p><b>Bildung und Erziehung <\/b><\/p>\n<p>Wir wollen den Erwerb von praktischer Technikkompetenz an den Schulen und in Wohnortn\u00e4he f\u00f6rdern oder wieder einf\u00fchren. Dazu werden wir Medienpakete, Seminar- und Workshopkonzepte mit leistungsstarken Partner entwickeln und umsetzen. Dabei werden unsere Angebote auch L\u00f6sungen f\u00fcr die in unseren Schulen vorhandenen Engp\u00e4sse aufzeigen.\u00a0 Wir f\u00fchren hierzu bereits konkrete Gespr\u00e4che f\u00fcr erste Modellvorhaben.<\/p>\n<p><b>B\u00fcrgerschaftliches Engagement<\/b><\/p>\n<p>All diese Vorhaben w\u00e4ren nicht m\u00f6glich, ohne das engagierte, flexible und kreative Engagement unserer hilfsbereiten Fans, Unterst\u00fctzer und aktiven Mitglieder. Wir freuen uns sehr dar\u00fcber, dass wir bereits mehr als hundert aktive Mitwirkende gewinnen konnten. Doch auch die mehr als 12.000 Fans leisten t\u00e4glich einen konkreten Beitrag, damit wir t\u00e4glich unseren Zielen ein gutes St\u00fcck n\u00e4her kommen.<\/p>\n<p>Wir sehen einen besonderen Schwerpunkt unserer Arbeit darin, diese wertsch\u00f6pfende Arbeit unserer ehrenamtlich Mitwirkenden durch zielf\u00fchrende Serviceleistungen, Schulungen und finanzielle F\u00f6rderung zu st\u00e4rken. Doch auch das seelische Wohl liegt uns am Herzen. So werden wir qualit\u00e4tsf\u00fchrende Aktionen erm\u00f6glichen, bei denen die Freude und Sinnerf\u00fcllung in der Arbeit im Zentrum liegen.<\/p>\n<p>Bitte unterst\u00fctzen Sie uns mit Ihrer f\u00f6rdernden Mitgliedschaft. Mit nur 5 EUR (erm\u00e4\u00dfigt 2 EUR) monatlich (Firmen 200 EUR p.a.), st\u00e4rken Sie den unabh\u00e4ngigen Aufbau einer bereits sehr erfolgreichen Organisation, deren Ziele allgemein anerkannt sind und von einer breiten \u00d6ffentlichkeit getragen werden.<\/p>\n<p><a href=\"https:\/\/www.murks-nein-danke.de\/mitfinanzieren\" data-wplink-edit=\"true\"><strong>Bitte beantragen Sie jetzt Ihre Mitgliedschaft!<\/strong><\/a><\/p>\n","protected":false},"excerpt":{"rendered":"<p>MURKS? NEIN DANKE! hat sich als Verein viel vorgenommen. Ihre Mitgliedschaft erm\u00f6glicht es, diese zahlreiche zielf\u00fchrenden Aktivit\u00e4ten auf einer stabilen Grundlage unabh\u00e4ngig umzusetzen. Redaktionell erw\u00e4hnt sei, dass wir auf dieser&#8230;<\/p>\n","protected":false},"author":1,"featured_media":0,"parent":21,"menu_order":0,"comment_status":"open","ping_status":"open","template":"","meta":{"footnotes":""},"_links":{"self":[{"href":"https:\/\/www.murks-nein-danke.de\/verein\/wp-json\/wp\/v2\/pages\/128"}],"collection":[{"href":"https:\/\/www.murks-nein-danke.de\/verein\/wp-json\/wp\/v2\/pages"}],"about":[{"href":"https:\/\/www.murks-nein-danke.de\/verein\/wp-json\/wp\/v2\/types\/page"}],"author":[{"embeddable":true,"href":"https:\/\/www.murks-nein-danke.de\/verein\/wp-json\/wp\/v2\/users\/1"}],"replies":[{"embeddable":true,"href":"https:\/\/www.murks-nein-danke.de\/verein\/wp-json\/wp\/v2\/comments?post=128"}],"version-history":[{"count":25,"href":"https:\/\/www.murks-nein-danke.de\/verein\/wp-json\/wp\/v2\/pages\/128\/revisions"}],"predecessor-version":[{"id":1079,"href":"https:\/\/www.murks-nein-danke.de\/verein\/wp-json\/wp\/v2\/pages\/128\/revisions\/1079"}],"up":[{"embeddable":true,"href":"https:\/\/www.murks-nein-danke.de\/verein\/wp-json\/wp\/v2\/pages\/21"}],"wp:attachment":[{"href":"https:\/\/www.murks-nein-danke.de\/verein\/wp-json\/wp\/v2\/media?parent=128"}],"curies":[{"name":"wp","href":"https:\/\/api.w.org\/{rel}","templated":true}]}}