{"id":21,"date":"2013-04-22T08:28:59","date_gmt":"2013-04-22T06:28:59","guid":{"rendered":"http:\/\/www.murks-nein-danke.de\/verein\/?page_id=21"},"modified":"2024-01-13T16:03:53","modified_gmt":"2024-01-13T14:03:53","slug":"mitgliedschaft","status":"publish","type":"page","link":"https:\/\/www.murks-nein-danke.de\/verein\/mitgliedschaft\/","title":{"rendered":"Mitgliedschaft"},"content":{"rendered":"<h1>Ihr Geld macht uns nicht gem\u00fctlich.<br \/>\nEs l\u00e4sst uns unbequem bleiben.<\/h1>\n<p>MURKS? NEIN DANKE! bittet Sie um Ihre Unterst\u00fctzung. Unsere zentralen Dienste sollen stets unabh\u00e4ngig finanziert werden. Bitte werden Sie jetzt f\u00f6rderndes Mitglied.<\/p>\n<p><strong><span style=\"color: #ff0000;\">JETZT MITGLIED WERDEN<\/span><\/strong><\/p>\n<p>Mit Ihrem Bereitschaft unser Engagment mitzufinanzieren, st\u00e4rken Sie unsere finanzielle Unabh\u00e4ngigkeit. Sie finden alle Informationen dazu auf unserem Portal <a href=\"http:\/\/www.murks-nein-danke.de\/mitfinanzieren\">Mitfinanzieren<\/a>. F\u00fcllen Sie dazu bitte den Antrag auf Mitgliedschaft aus und senden diesen uns zu. Wir werden diesen umgehend bearbeiten und Ihnen bald unsere dankbare Nachricht zukommen lassen.<\/p>\n<p><strong>Gemeinn\u00fctzigkeit anerkannt<\/strong><\/p>\n<p>Unser Verein ist gemein\u00fctzig anerkannt und dient steuerbeg\u00fcnstigten Zwecken. Unsere gemeinn\u00fctzigen Zwecke sind<\/p>\n<ul>\n<li>von Verbraucherberatung und Verbraucherschutz<\/li>\n<li>der Erziehung, Volks- und Berufsbildung einschlie\u00dflich der Studentenhilfe<\/li>\n<li>des b\u00fcrgerschaftlichen Engagements zugunsten gemeinn\u00fctziger, mildt\u00e4tiger und kirchlicher Zwecke<\/li>\n<\/ul>\n<p>Wir sind berechtigt, f\u00fcr Mitgliedsbeitr\u00e4ge Zuwendungsbest\u00e4tigungen nach dem amtlich vorgeschriebenen Vordruck (\u00a7 50 Abs. 1 EStDV) auszustellen (&#8222;Spendenbescheinigung&#8220;). Bis zu einem Spendenbetrag in H\u00f6he von 200 EUR k\u00f6nnen Sie Ihren \u00dcberweisungsbeleg als Spendenbescheinigung nutzen. Bitte lassen Sie uns wissen, ob Sie eine Spendenbescheinung w\u00fcnschen und an welche Adresse wir diese senden d\u00fcrfen.<\/p>\n<blockquote><p>Stefan Schridde (Vorstand): Ihr Beitrag st\u00e4rkt unsere M\u00f6glichkeiten. Sie f\u00f6rdern damit unsere Unabh\u00e4ngigkeit und st\u00e4rken unsere Initiativen gegen geplanten Verschlei\u00df. Gemeinsam setzen wir so ein starkes Zeichen f\u00fcr nachhaltige Produktqualit\u00e4t. Ich danke Ihnen herzlich f\u00fcr Ihre Bereitschaft, unser Engagement als f\u00f6rderndes Mitglied zu unterst\u00fctzen.<\/p><\/blockquote>\n<p>Die Satzung steht Ihnen <a href=\"https:\/\/www.murks-nein-danke.de\/verein\/wp-content\/uploads\/2024\/01\/Satzung-MND-Download.pdf\">hier<\/a> zum Download zur Verf\u00fcgung.<\/p>\n<p><strong>Art der Mitgliedschaft und deren Jahresbeitrag gem\u00e4\u00df Beitragsordnung<\/strong><br \/>\n(Beitr\u00e4ge sind j\u00e4hrlich zahlbar vorab, zuerst mit Beitritt)<\/p>\n<ul>\n<li>200 EUR ____ Firmenmitgliedschaft<\/li>\n<li>60 EUR _____ Aktive und f\u00f6rdernde Mitglieder<\/li>\n<li>24 EUR _____ Sch\u00fcler, Auszubildende, Studenten, ALG-II-Bezieher, Rentner<\/li>\n<\/ul>\n<p>Bereits heute freuen sich unsere Mitglieder \u00fcber <a href=\"https:\/\/www.murks-nein-danke.de\/verein\/mitgliedschaft\/nutzen-und-vorteile\/\">konkrete Nutzen und Vorteile<\/a> einer starken Organisation.<\/p>\n","protected":false},"excerpt":{"rendered":"<p>Ihr Geld macht uns nicht gem\u00fctlich. Es l\u00e4sst uns unbequem bleiben. MURKS? NEIN DANKE! bittet Sie um Ihre Unterst\u00fctzung. Unsere zentralen Dienste sollen stets unabh\u00e4ngig finanziert werden. Bitte werden Sie&#8230;<\/p>\n","protected":false},"author":1,"featured_media":0,"parent":0,"menu_order":3,"comment_status":"open","ping_status":"closed","template":"","meta":{"footnotes":""},"_links":{"self":[{"href":"https:\/\/www.murks-nein-danke.de\/verein\/wp-json\/wp\/v2\/pages\/21"}],"collection":[{"href":"https:\/\/www.murks-nein-danke.de\/verein\/wp-json\/wp\/v2\/pages"}],"about":[{"href":"https:\/\/www.murks-nein-danke.de\/verein\/wp-json\/wp\/v2\/types\/page"}],"author":[{"embeddable":true,"href":"https:\/\/www.murks-nein-danke.de\/verein\/wp-json\/wp\/v2\/users\/1"}],"replies":[{"embeddable":true,"href":"https:\/\/www.murks-nein-danke.de\/verein\/wp-json\/wp\/v2\/comments?post=21"}],"version-history":[{"count":59,"href":"https:\/\/www.murks-nein-danke.de\/verein\/wp-json\/wp\/v2\/pages\/21\/revisions"}],"predecessor-version":[{"id":1076,"href":"https:\/\/www.murks-nein-danke.de\/verein\/wp-json\/wp\/v2\/pages\/21\/revisions\/1076"}],"wp:attachment":[{"href":"https:\/\/www.murks-nein-danke.de\/verein\/wp-json\/wp\/v2\/media?parent=21"}],"curies":[{"name":"wp","href":"https:\/\/api.w.org\/{rel}","templated":true}]}}