{"id":653,"date":"2016-04-26T12:32:18","date_gmt":"2016-04-26T10:32:18","guid":{"rendered":"http:\/\/www.murks-nein-danke.de\/verein\/?page_id=653"},"modified":"2024-01-13T16:30:55","modified_gmt":"2024-01-13T14:30:55","slug":"staerken-sie-unsere-kraft","status":"publish","type":"page","link":"https:\/\/www.murks-nein-danke.de\/verein\/staerken-sie-unsere-kraft\/","title":{"rendered":"St\u00e4rken Sie unsere Kraft."},"content":{"rendered":"<p>MURKS? NEIN DANKE! e.V. setzt sich als gemeinn\u00fctzige Organisation f\u00fcr die Rechte der Verbraucher ein. Wir sind finanziell unabh\u00e4ngig und wollen auch Klagen durchf\u00fchren. Daf\u00fcr m\u00fc\u00dfen wir u.a. als anspruchsberechtigte Einrichtung laut Unterlassungsklagengesetz (UKlaG, siehe unten) in die Liste der qualifizierten Einrichtungen beim Bundesamt f\u00fcr Justiz eingetragen werden. Daf\u00fcr bitten wir Sie um Ihre Unterst\u00fctzung als F\u00f6rdermitglied. Sie st\u00e4rken damit auch unsere finanzielle Unabh\u00e4ngigkeit.<\/p>\n<h3>Bitte unterst\u00fctzen Sie unser Engagement.<\/h3>\n<p>Bis auf die Anzahl der Mitglieder (mind. 75 Mitglieder) erf\u00fcllen wir bereits alle Voraussetzungen als anspruchsberechtigte Einrichtung. Damit wir im Interesse der Verbraucher laut Unterlassungsklagengesetz klageberechtigt sind, brauchen wir mehr Mitglieder. Mit Ihrer Mitgliedschaft st\u00e4rken Sie unsere Wirksamkeit.<\/p>\n<h3>Je gr\u00f6\u00dfer unsere Zahl, desto st\u00e4rker unsere Forderungen.<\/h3>\n<p>Bitte unterst\u00fctzen Sie unsere Arbeit, st\u00e4rken Sie unsere Kampagnen f\u00fcr mehr Haltbarkeit und werden Sie jetzt bei MURKS? NEIN DANKE! e.V. F\u00f6rdermitglied.<\/p>\n<div data-contents=\"true\">\n<div class=\"\" data-block=\"true\" data-editor=\"35ijp\" data-offset-key=\"db238-0-0\">\n<h2 class=\"_1mf _1mj\" data-offset-key=\"db238-0-0\"><span data-offset-key=\"db238-0-0\">Ihr Geld macht uns nicht gem\u00fctlich.<\/span><\/h2>\n<\/div>\n<div class=\"\" data-block=\"true\" data-editor=\"35ijp\" data-offset-key=\"d1cj2-0-0\">\n<h2 class=\"_1mf _1mj\" data-offset-key=\"d1cj2-0-0\"><span data-offset-key=\"d1cj2-0-0\">Es l\u00e4sst uns unbequem bleiben.<\/span><\/h2>\n<\/div>\n<\/div>\n<p><img loading=\"lazy\" decoding=\"async\" class=\"size-medium wp-image-648 alignleft\" src=\"https:\/\/www.murks-nein-danke.de\/verein\/wp-content\/uploads\/2016\/04\/schridde-portr\u00e4t-165x300.jpg\" width=\"165\" height=\"300\" srcset=\"https:\/\/www.murks-nein-danke.de\/verein\/wp-content\/uploads\/2016\/04\/schridde-portr\u00e4t-165x300.jpg 165w, https:\/\/www.murks-nein-danke.de\/verein\/wp-content\/uploads\/2016\/04\/schridde-portr\u00e4t-768x1399.jpg 768w, https:\/\/www.murks-nein-danke.de\/verein\/wp-content\/uploads\/2016\/04\/schridde-portr\u00e4t-562x1024.jpg 562w, https:\/\/www.murks-nein-danke.de\/verein\/wp-content\/uploads\/2016\/04\/schridde-portr\u00e4t.jpg 1001w\" sizes=\"(max-width: 165px) 100vw, 165px\" \/><\/p>\n<p><strong>Stefan Schridde (Vorstand):<\/strong><br \/>\n\u201eIhr Beitrag st\u00e4rkt unsere M\u00f6glichkeiten. Sie f\u00f6rdern damit unsere Unabh\u00e4ngigkeit und st\u00e4rken unsere Initiativen gegen geplanten Verschlei\u00df. Gemeinsam setzen wir so ein starkes Zeichen f\u00fcr nachhaltige Produktqualit\u00e4t.<\/p>\n<p>Ich danke Ihnen herzlich f\u00fcr Ihre Bereitschaft, unser Engagement als f\u00f6rderndes Mitglied zu unterst\u00fctzen. Werden Sie Mitglied und senden Sie uns noch heute Ihre Mitgliedsantrag zu.\u201c<\/p>\n<h3><a href=\"https:\/\/www.murks-nein-danke.de\/mitfinanzieren\" data-wplink-edit=\"true\">Jetzt Mitgliedschaft beantragen oder Spender werden.<\/a><\/h3>\n<p>Wir sind berechtigt, f\u00fcr Mitgliedsbeitr\u00e4ge Zuwendungsbest\u00e4tigungen nach dem amtlich vorgeschriebenen Vordruck (\u00a7 50 Abs. 1 EStDV) auszustellen (\u201eSpendenbescheinigung\u201c). Bis zu einem Spendenbetrag in H\u00f6he von 200 EUR k\u00f6nnen Sie bereits Ihren \u00dcberweisungsbeleg unkompliziert als Spendenbescheinigung nutzen. Bitte lassen Sie uns wissen, ob Sie eine Spendenbescheinigung w\u00fcnschen und an welche Adresse wir diese senden d\u00fcrfen.<\/p>\n<h3>P.S.: Bitte empfehlen Sie die Mitgliedschaft oder Spende Ihren Freunden.<\/h3>\n<p>Zu den Anforderungen laut \u00a7 4 UKlaG: In die Liste werden auf Antrag rechtsf\u00e4hige Vereine eingetragen, zu deren satzungsm\u00e4\u00dfigen Aufgaben es geh\u00f6rt, Interessen der Verbraucher durch nicht gewerbsm\u00e4\u00dfige Aufkl\u00e4rung und Beratung wahrzunehmen, wenn sie mindestens drei Verb\u00e4nde, die im gleichen Aufgabenbereich t\u00e4tig sind oder mindestens 75 nat\u00fcrliche Personen als Mitglieder haben, mindestens ein Jahr bestanden haben und auf Grund ihrer bisherigen T\u00e4tigkeit gesichert erscheint, dass sie ihre satzungsm\u00e4\u00dfigen Aufgaben auch k\u00fcnftig dauerhaft wirksam und sachgerecht erf\u00fcllen werden.<\/p>\n","protected":false},"excerpt":{"rendered":"<p>MURKS? NEIN DANKE! e.V. setzt sich als gemeinn\u00fctzige Organisation f\u00fcr die Rechte der Verbraucher ein. Wir sind finanziell unabh\u00e4ngig und wollen auch Klagen durchf\u00fchren. Daf\u00fcr m\u00fc\u00dfen wir u.a. als anspruchsberechtigte&#8230;<\/p>\n","protected":false},"author":1,"featured_media":0,"parent":0,"menu_order":0,"comment_status":"closed","ping_status":"closed","template":"","meta":{"footnotes":""},"_links":{"self":[{"href":"https:\/\/www.murks-nein-danke.de\/verein\/wp-json\/wp\/v2\/pages\/653"}],"collection":[{"href":"https:\/\/www.murks-nein-danke.de\/verein\/wp-json\/wp\/v2\/pages"}],"about":[{"href":"https:\/\/www.murks-nein-danke.de\/verein\/wp-json\/wp\/v2\/types\/page"}],"author":[{"embeddable":true,"href":"https:\/\/www.murks-nein-danke.de\/verein\/wp-json\/wp\/v2\/users\/1"}],"replies":[{"embeddable":true,"href":"https:\/\/www.murks-nein-danke.de\/verein\/wp-json\/wp\/v2\/comments?post=653"}],"version-history":[{"count":7,"href":"https:\/\/www.murks-nein-danke.de\/verein\/wp-json\/wp\/v2\/pages\/653\/revisions"}],"predecessor-version":[{"id":1086,"href":"https:\/\/www.murks-nein-danke.de\/verein\/wp-json\/wp\/v2\/pages\/653\/revisions\/1086"}],"wp:attachment":[{"href":"https:\/\/www.murks-nein-danke.de\/verein\/wp-json\/wp\/v2\/media?parent=653"}],"curies":[{"name":"wp","href":"https:\/\/api.w.org\/{rel}","templated":true}]}}