{"id":896,"date":"2019-08-29T11:11:58","date_gmt":"2019-08-29T09:11:58","guid":{"rendered":"https:\/\/www.murks-nein-danke.de\/verein\/?page_id=896"},"modified":"2019-08-29T11:16:23","modified_gmt":"2019-08-29T09:16:23","slug":"beitritt-person","status":"publish","type":"page","link":"https:\/\/www.murks-nein-danke.de\/verein\/beitritt-person\/","title":{"rendered":"Beitritt Person"},"content":{"rendered":"\n<div class=\"wpcf7 no-js\" id=\"wpcf7-f897-o1\" lang=\"de-DE\" dir=\"ltr\">\n<div class=\"screen-reader-response\"><p role=\"status\" aria-live=\"polite\" aria-atomic=\"true\"><\/p> <ul><\/ul><\/div>\n<form action=\"\/verein\/wp-json\/wp\/v2\/pages\/896#wpcf7-f897-o1\" method=\"post\" class=\"wpcf7-form init\" aria-label=\"Kontaktformular\" enctype=\"multipart\/form-data\" novalidate=\"novalidate\" data-status=\"init\">\n<div style=\"display: none;\">\n<input type=\"hidden\" name=\"_wpcf7\" value=\"897\" \/>\n<input type=\"hidden\" name=\"_wpcf7_version\" value=\"5.9.8\" \/>\n<input type=\"hidden\" name=\"_wpcf7_locale\" value=\"de_DE\" \/>\n<input type=\"hidden\" name=\"_wpcf7_unit_tag\" value=\"wpcf7-f897-o1\" \/>\n<input type=\"hidden\" name=\"_wpcf7_container_post\" value=\"0\" \/>\n<input type=\"hidden\" name=\"_wpcf7_posted_data_hash\" value=\"\" \/>\n<\/div>\n<p><b>Beitrittserkl\u00e4rung f\u00fcr eine F\u00f6rdermitgliedschaft (Person) im MURKS? NEIN DANKE! e.V.:<\/b>\n<\/p>\n<p>* = Pflichtfeld\n<\/p>\n<p><label> Anrede\/Titel*<br \/>\n<span class=\"wpcf7-form-control-wrap\" data-name=\"anrede-titel\"><input size=\"40\" maxlength=\"400\" class=\"wpcf7-form-control wpcf7-text wpcf7-validates-as-required\" aria-required=\"true\" aria-invalid=\"false\" value=\"\" type=\"text\" name=\"anrede-titel\" \/><\/span> <\/label>\n<\/p>\n<p><label> Vorname und Name*<br \/>\n<span class=\"wpcf7-form-control-wrap\" data-name=\"vorname-name\"><input size=\"40\" maxlength=\"400\" class=\"wpcf7-form-control wpcf7-text wpcf7-validates-as-required\" aria-required=\"true\" aria-invalid=\"false\" value=\"\" type=\"text\" name=\"vorname-name\" \/><\/span> <\/label>\n<\/p>\n<p><label> Telefon*<br \/>\n<span class=\"wpcf7-form-control-wrap\" data-name=\"telefon\"><input size=\"40\" maxlength=\"400\" class=\"wpcf7-form-control wpcf7-tel wpcf7-validates-as-required wpcf7-text wpcf7-validates-as-tel\" aria-required=\"true\" aria-invalid=\"false\" value=\"\" type=\"tel\" name=\"telefon\" \/><\/span> <\/label>\n<\/p>\n<p><label> Emailadresse*<br \/>\n<span class=\"wpcf7-form-control-wrap\" data-name=\"emailadresse\"><input size=\"40\" maxlength=\"400\" class=\"wpcf7-form-control wpcf7-email wpcf7-validates-as-required wpcf7-text wpcf7-validates-as-email\" aria-required=\"true\" aria-invalid=\"false\" value=\"\" type=\"email\" name=\"emailadresse\" \/><\/span> <\/label>\n<\/p>\n<p><label> Strasse und Hausnummer*<br \/>\n<span class=\"wpcf7-form-control-wrap\" data-name=\"strasse-hausnummer\"><input size=\"40\" maxlength=\"400\" class=\"wpcf7-form-control wpcf7-text wpcf7-validates-as-required\" aria-required=\"true\" aria-invalid=\"false\" value=\"\" type=\"text\" name=\"strasse-hausnummer\" \/><\/span> <\/label>\n<\/p>\n<p><label> Postleitzahl\/Wohnort*<br \/>\n<span class=\"wpcf7-form-control-wrap\" data-name=\"plz-ort\"><input size=\"40\" maxlength=\"400\" class=\"wpcf7-form-control wpcf7-text wpcf7-validates-as-required\" aria-required=\"true\" aria-invalid=\"false\" value=\"\" type=\"text\" name=\"plz-ort\" \/><\/span> <\/label>\n<\/p>\n<p><label> Land\/Bundesland*<br \/>\n<span class=\"wpcf7-form-control-wrap\" data-name=\"land-bundesland\"><input size=\"40\" maxlength=\"400\" class=\"wpcf7-form-control wpcf7-text wpcf7-validates-as-required\" aria-required=\"true\" aria-invalid=\"false\" value=\"\" type=\"text\" name=\"land-bundesland\" \/><\/span> <\/label>\n<\/p>\n<p><label> Geburtsdatum*<br \/>\n<span class=\"wpcf7-form-control-wrap\" data-name=\"geburtsdatum\"><input class=\"wpcf7-form-control wpcf7-date wpcf7-validates-as-required wpcf7-validates-as-date\" aria-required=\"true\" aria-invalid=\"false\" value=\"\" type=\"date\" name=\"geburtsdatum\" \/><\/span> <\/label>\n<\/p>\n<p><label> Organisation (informativ)<br \/>\n<span class=\"wpcf7-form-control-wrap\" data-name=\"organisation\"><input size=\"40\" maxlength=\"400\" class=\"wpcf7-form-control wpcf7-text\" aria-invalid=\"false\" value=\"\" type=\"text\" name=\"organisation\" \/><\/span> <\/label>\n<\/p>\n<p><label> Funktion (informativ)<br \/>\n<span class=\"wpcf7-form-control-wrap\" data-name=\"funktion\"><input size=\"40\" maxlength=\"400\" class=\"wpcf7-form-control wpcf7-text\" aria-invalid=\"false\" value=\"\" type=\"text\" name=\"funktion\" \/><\/span> <\/label>\n<\/p>\n<p>Mit Ihrer F\u00f6rdermitgliedschaft st\u00e4rken Sie unsere Unabh\u00e4ngigkeit. Bitte w\u00e4hlen Sie die zu Ihnen passende F\u00f6rdermitgliedschaft (Erm\u00e4\u00dfigung gilt f\u00fcr Sch\u00fclerInnen, StudentInnen und Geringverdienende). Wir danken Ihnen herzlich f\u00fcr Ihre Unterst\u00fctzung.\n<\/p>\n<p><label> Bitte w\u00e4hlen Sie hier Ihre Mitgliedschaft. (Pflichtfeld)<br \/>\n<span class=\"wpcf7-form-control-wrap\" data-name=\"mitgliedschaft\"><select class=\"wpcf7-form-control wpcf7-select wpcf7-validates-as-required\" aria-required=\"true\" aria-invalid=\"false\" name=\"mitgliedschaft\"><option value=\"F\u00f6rdermitgliedschaft erm\u00e4\u00dfigt (24 EUR pro Jahr)\">F\u00f6rdermitgliedschaft erm\u00e4\u00dfigt (24 EUR pro Jahr)<\/option><option value=\"F\u00f6rdermitgliedschaft (60 EUR pro Jahr)\">F\u00f6rdermitgliedschaft (60 EUR pro Jahr)<\/option><option value=\"F\u00f6rdermitgliedschaft (Selbsteinsch\u00e4tzung, 60 EUR pro Jahr Minimum, siehe unten)\">F\u00f6rdermitgliedschaft (Selbsteinsch\u00e4tzung, 60 EUR pro Jahr Minimum, siehe unten)<\/option><\/select><\/span> <\/label>\n<\/p>\n<p><label> Sie k\u00f6nnen hier Ihre Beitragsh\u00f6he pro Monat angeben (ab 60 EUR pro Jahr).<br \/>\nGerne unterst\u00fctze ich Ihre Organisation mit <span class=\"wpcf7-form-control-wrap\" data-name=\"selbsteinschaetzung\"><input size=\"5\" maxlength=\"400\" class=\"wpcf7-form-control wpcf7-text\" aria-invalid=\"false\" value=\"\" type=\"text\" name=\"selbsteinschaetzung\" \/><\/span> pro Monat.<\/label>\n<\/p>\n<p><label>Sollten Sie die erm\u00e4\u00dfgte Mitgliedschaft gew\u00e4hlt haben, bitten wir Sie herzlich um \u00dcbersendung eines Belegs. Herzlichen Dank f\u00fcr die Entlastung unserer Verwaltungsarbeit.<br \/>\n<span class=\"wpcf7-form-control-wrap\" data-name=\"beleg-ermaessigung\"><input size=\"40\" class=\"wpcf7-form-control wpcf7-file\" accept=\".png,.jpg,.pdf\" aria-invalid=\"false\" type=\"file\" name=\"beleg-ermaessigung\" \/><\/span> <\/label>\n<\/p>\n<p><label> Bitte best\u00e4tigen (erforderlich)<br \/>\n<span class=\"wpcf7-form-control-wrap\" data-name=\"acceptance-satzung-datenschutz-widerspruch\"><span class=\"wpcf7-form-control wpcf7-acceptance\"><span class=\"wpcf7-list-item\"><input type=\"checkbox\" name=\"acceptance-satzung-datenschutz-widerspruch\" value=\"1\" aria-invalid=\"false\" \/><\/span><\/span><\/span> Die <a href=\"https:\/\/www.murks-nein-danke.de\/verein\/satzung\/\">Satzung<\/a> und die <a rel=\"noreferrer noopener\" aria-label=\" (opens in a new tab)\" href=\"https:\/\/www.murks-nein-danke.de\/verein\/widerspruchserklaerung\/\" target=\"_blank\">Widerrufsbelehrung<\/a> erkennen wir an und willigen in die <a href=\"https:\/\/www.murks-nein-danke.de\/verein\/datenschutzerklaerung\/\">Datenschutzerkl\u00e4rung<\/a> ein. <\/label>\n<\/p>\n<p><b>________SEPA \u2013 Lastschriftmandat______Zahlungsart: Wiederkehrende Zahlung________<\/b>\n<\/p>\n<p>Unsere Gl\u00e4ubiger-Identifikationsnummer lautet DE71ZZZ00001318764.\n<\/p>\n<p>Zur Arbeitsentlastung unserer ehrenamtlichen Verwaltung bitten wir Sie um Ihr Einverst\u00e4ndnis zum Lastschriftmandat. Der Betrag wird j\u00e4hrlich vom Konto abgebucht. Herzlichen Dank f\u00fcr Ihre Unterst\u00fctzung.\n<\/p>\n<p><label> Bitte best\u00e4tigen (erforderlich)<br \/>\n<span class=\"wpcf7-form-control-wrap\" data-name=\"acceptance-lastschrift\"><span class=\"wpcf7-form-control wpcf7-acceptance\"><span class=\"wpcf7-list-item\"><label><input type=\"checkbox\" name=\"acceptance-lastschrift\" value=\"1\" aria-invalid=\"false\" \/><span class=\"wpcf7-list-item-label\">Ich erm\u00e4chtige den Verein MURKS? NEIN DANKE! e. V., Zahlungen von meinem Konto mittels Lastschrift einzuziehen. Zugleich weise ich mein Kreditinstitut an, die vom Zahlungsempf\u00e4nger MURKS? NEIN DANKE! e. V. auf mein Konto gezogenen Lastschriften einzul\u00f6sen. Die Einzugserm\u00e4chtigung kann ich jederzeit ohne Angabe von Gr\u00fcnden widerrufen.<\/span><\/label><\/span><\/span><\/span><\/label>\n<\/p>\n<p><label> Bankinstitut (Pflichtfeld)<br \/>\n<span class=\"wpcf7-form-control-wrap\" data-name=\"bankinstitut\"><input size=\"40\" maxlength=\"400\" class=\"wpcf7-form-control wpcf7-text wpcf7-validates-as-required\" aria-required=\"true\" aria-invalid=\"false\" value=\"\" type=\"text\" name=\"bankinstitut\" \/><\/span> <\/label>\n<\/p>\n<p><label> IBAN (Pflichtfeld)<br \/>\n<span class=\"wpcf7-form-control-wrap\" data-name=\"iban\"><input size=\"40\" maxlength=\"400\" class=\"wpcf7-form-control wpcf7-text wpcf7-validates-as-required\" aria-required=\"true\" aria-invalid=\"false\" value=\"\" type=\"text\" name=\"iban\" \/><\/span> <\/label>\n<\/p>\n<p><label> Kontoinhaber (Pflichtfeld)<br \/>\n<span class=\"wpcf7-form-control-wrap\" data-name=\"kontoinhaber\"><input size=\"40\" maxlength=\"400\" class=\"wpcf7-form-control wpcf7-text wpcf7-validates-as-required\" aria-required=\"true\" aria-invalid=\"false\" value=\"\" type=\"text\" name=\"kontoinhaber\" \/><\/span> <\/label>\n<\/p>\n<p>Hinweis: Ich kann innerhalb von acht Wochen, beginnend mit dem Belastungsdatum, die Erstattung des belasteten Betrages verlangen. Es gelten dabei die mit meinem Kreditinstitut vereinbarten Bedingungen.\n<\/p>\n<p><span class=\"wpcf7-form-control-wrap kc_captcha\" data-name=\"kc_captcha\"><span class=\"wpcf7-form-control wpcf7-radio\"><span class=\"captcha-image\" ><span class=\"cf7ic_instructions\">Bitte beweise, dass du kein Spambot bist und w\u00e4hle das Symbol<span> Schl\u00fcssel<\/span>.<\/span><label><input aria-label=\"1\" type=\"radio\" name=\"kc_captcha\" value=\"bot\" \/><svg aria-hidden=\"true\" role=\"img\" xmlns=\"http:\/\/www.w3.org\/2000\/svg\" viewBox=\"0 0 512 512\"><path fill=\"currentColor\" d=\"M500 168h-55l-8-21a127 127 0 00-120-83H195a127 127 0 00-120 83l-8 21H12c-8 0-14 8-11 16l8 24a12 12 0 0011 8h29a64 64 0 00-33 56v48c0 16 6 31 16 42v62c0 13 11 24 24 24h48c13 0 24-11 24-24v-40h256v40c0 13 11 24 24 24h48c13 0 24-11 24-24v-62c10-11 16-26 16-42v-48c0-24-13-45-33-56h29a12 12 0 0011-8l8-24c3-8-3-16-11-16zm-365 2c9-25 33-42 60-42h122c27 0 51 17 60 42l15 38H120l15-38zM88 328a32 32 0 010-64c18 0 48 30 48 48s-30 16-48 16zm336 0c-18 0-48 2-48-16s30-48 48-48 32 14 32 32-14 32-32 32z\"\/><\/svg><\/label><label><input aria-label=\"2\" type=\"radio\" name=\"kc_captcha\" value=\"bot\" \/><svg aria-hidden=\"true\" role=\"img\" xmlns=\"http:\/\/www.w3.org\/2000\/svg\" viewBox=\"0 0 640 512\"><path fill=\"currentColor\" d=\"M192 384h192c53 0 96-43 96-96h32a128 128 0 000-256H120c-13 0-24 11-24 24v232c0 53 43 96 96 96zM512 96a64 64 0 010 128h-32V96h32zm48 384H48c-47 0-61-64-36-64h584c25 0 11 64-36 64z\"\/><\/svg><\/label><label><input aria-label=\"3\" type=\"radio\" name=\"kc_captcha\" value=\"kc_human\" \/><svg aria-hidden=\"true\" role=\"img\" xmlns=\"http:\/\/www.w3.org\/2000\/svg\" viewBox=\"0 0 512 512\"><path fill=\"currentColor\" d=\"M512 176a176 176 0 01-209 173l-24 27a24 24 0 01-18 8h-37v40c0 13-11 24-24 24h-40v40c0 13-11 24-24 24H24c-13 0-24-11-24-24v-78c0-6 3-13 7-17l162-162a176 176 0 11343-55zm-176-48a48 48 0 1096 0 48 48 0 00-96 0z\"\/><\/svg><\/label>\r\n    <\/span>\r\n    <span style=\"display:none\">\r\n        <input type=\"text\" name=\"kc_honeypot\">\r\n    <\/span><\/span><\/span><br \/>\n<p><span class=\"wpcf7-form-control-wrap\"><input id=\"f12_captcha\" type=\"text\" style=\"visibility:hidden!important; opacity:1!important; height:0!important; width:0!important; margin:0!important; padding:0!important;\" name=\"f12_captcha\" value=\"\"\/><input type=\"hidden\" name=\"behavior_nonce\" value=\"\" \/><script>\r\n(function(){\r\n\tvar el = document.currentScript;\r\n\tif (!el) return;\r\n\tvar form = el.closest(\"form\");\r\n\tif (!form || form.dataset.ssInit === \"1\") return;\r\n\tform.dataset.ssInit = \"1\";\r\n\tform.dataset.ssMode = \"protect\";\r\n\tform.dataset.ssSource = \"rule\";\r\n})();\r\n<\/script><\/span><\/p><input class=\"wpcf7-form-control wpcf7-submit has-spinner\" type=\"submit\" value=\"Senden\" \/>\n<\/p><div class=\"wpcf7-response-output\" aria-hidden=\"true\"><\/div>\n<\/form>\n<\/div>\n\n","protected":false},"excerpt":{"rendered":"","protected":false},"author":1,"featured_media":0,"parent":0,"menu_order":0,"comment_status":"closed","ping_status":"closed","template":"","meta":{"footnotes":""},"_links":{"self":[{"href":"https:\/\/www.murks-nein-danke.de\/verein\/wp-json\/wp\/v2\/pages\/896"}],"collection":[{"href":"https:\/\/www.murks-nein-danke.de\/verein\/wp-json\/wp\/v2\/pages"}],"about":[{"href":"https:\/\/www.murks-nein-danke.de\/verein\/wp-json\/wp\/v2\/types\/page"}],"author":[{"embeddable":true,"href":"https:\/\/www.murks-nein-danke.de\/verein\/wp-json\/wp\/v2\/users\/1"}],"replies":[{"embeddable":true,"href":"https:\/\/www.murks-nein-danke.de\/verein\/wp-json\/wp\/v2\/comments?post=896"}],"version-history":[{"count":2,"href":"https:\/\/www.murks-nein-danke.de\/verein\/wp-json\/wp\/v2\/pages\/896\/revisions"}],"predecessor-version":[{"id":900,"href":"https:\/\/www.murks-nein-danke.de\/verein\/wp-json\/wp\/v2\/pages\/896\/revisions\/900"}],"wp:attachment":[{"href":"https:\/\/www.murks-nein-danke.de\/verein\/wp-json\/wp\/v2\/media?parent=896"}],"curies":[{"name":"wp","href":"https:\/\/api.w.org\/{rel}","templated":true}]}}