{"id":911,"date":"2019-08-29T11:40:54","date_gmt":"2019-08-29T09:40:54","guid":{"rendered":"https:\/\/www.murks-nein-danke.de\/verein\/?page_id=911"},"modified":"2024-01-12T14:11:41","modified_gmt":"2024-01-12T12:11:41","slug":"datenschutzerklaerung","status":"publish","type":"page","link":"https:\/\/www.murks-nein-danke.de\/verein\/datenschutzerklaerung\/","title":{"rendered":"Datenschutzerkl\u00e4rung"},"content":{"rendered":"<p>\n<!--StartFragment--><\/p>\n\n\n<h1 class=\"wp-block-heading\"><strong>1. Name und Kontaktdaten des f\u00fcr die Verarbeitung Verantwortlichen sowie des betrieblichen Datenschutzbeauftragten<\/strong><\/h1>\n\n\n\n<p>Diese Datenschutz-Information gilt f\u00fcr die\nDatenverarbeitung durch:<\/p>\n\n\n\n<p>Verantwortlicher: &nbsp;MURKS? NEIN DANKE! e.V.<\/p>\n\n\n\n<p>eingetragen im Vereinsregister: <br>Amtsgericht Charlottenburg&nbsp;<br>Amtsgerichtsplatz 1<br>14064 Berlin<\/p>\n\n\n\n<p>zur Registernummer: VR  32802 B<br>Vereinssitz: Falkenberger Str. 172 b, 13088 Berlin<\/p>\n\n\n\n<p>Vereinsvertretung:<br>Stefan Schridde (Vorstand)<br>Falkenberger Str. 172 b, 13088 Berlin <\/p>\n\n\n\n<p>MURKS? NEIN DANKE! e.V.<\/p>\n\n\n\n<p> Falkenberger Str. 172 b, 13088 Berlin , Deutschland<\/p>\n\n\n\n<p>Telefon: +49 (0)176&nbsp; 83299180 E-Mail: <a href=\"&#x6d;a&#x69;&#108;&#x74;&#111;&#x3a;&#x76;o&#x72;&#115;&#x74;&#97;&#x6e;&#100;&#64;&#x6d;&#117;&#x72;&#107;&#x73;&#45;n&#x65;&#105;&#x6e;&#45;&#x64;&#97;n&#x6b;e&#x2e;&#100;&#x65;\">&#x76;o&#x72;&#115;&#x74;&#97;&#x6e;&#x64;&#64;&#x6d;&#117;&#x72;&#107;&#x73;&#45;n&#x65;&#105;&#x6e;&#45;&#x64;&#97;n&#x6b;&#101;&#x2e;&#100;&#x65;<\/a><\/p>\n\n\n\n<p><strong> 2. Erhebung und Speicherung personenbezogener Daten sowie Art und Zweck von deren Verwendung<\/strong><\/p>\n\n\n\n<p>a) Beim Besuch der Website<\/p>\n\n\n\n<p>Die\n Nutzung unserer Webseite ist in der Regel ohne Angabe personenbezogener\n Daten m\u00f6glich.\nSoweit auf unseren Seiten personenbezogene Daten (beispielsweise Name, \nAnschrift oder Email-Adressen) erhoben werden, erfolgt dies, soweit \nm\u00f6glich, stets auf freiwilliger Basis.<\/p>\n\n\n\n<p>Wir weisen darauf hin, dass die Daten\u00fcbertragung im Internet (z.B. bei der Kommunikation per\nE-Mail) Sicherheitsl\u00fccken aufweisen kann. Ein l\u00fcckenloser Schutz der Daten vor dem Zugriff durch Dritte ist nicht m\u00f6glich.<\/p>\n\n\n\n<p>Beim Aufrufen unserer Website <a href=\"http:\/\/www.murks-nein-danke.de\">www.murks-nein-danke.de<\/a> werden  durch den auf Ihrem Endger\u00e4t zum Einsatz kommenden Browser automatisch  Informationen an den Server unserer Website gesendet. Diese Informationen werden tempor\u00e4r in einem sog. Logfile gespeichert. Folgende Informationen werden dabei ohne Ihr Zutun erfasst  und bis zur automatisierten L\u00f6schung gespeichert:<\/p>\n\n\n\n<ul>\n<li>IP-Adresse des anfragenden Rechners,<\/li>\n\n\n\n<li>Datum und Uhrzeit des Zugriffs,<\/li>\n\n\n\n<li>Name und URL der abgerufenen Datei,<\/li>\n\n\n\n<li>Website, von der aus der Zugriff erfolgt (Referrer-URL),<\/li>\n\n\n\n<li>verwendeter Browser und ggf. das Betriebssystem Ihres Rechners sowie der Name Ihres\nAccess-Providers.<\/li>\n<\/ul>\n\n\n\n<p>Die genannten Daten werden durch uns zu folgenden Zwecken verarbeitet:<\/p>\n\n\n\n<ul>\n<li>Gew\u00e4hrleistung eines reibungslosen Verbindungsaufbaus der Website,<\/li>\n\n\n\n<li>Gew\u00e4hrleistung einer komfortablen Nutzung unserer Website,<\/li>\n\n\n\n<li>Auswertung der Systemsicherheit und -stabilit\u00e4t sowie<\/li>\n\n\n\n<li>zu weiteren administrativen Zwecken.<\/li>\n<\/ul>\n\n\n\n<p>Die\n Rechtsgrundlage f\u00fcr die Datenverarbeitung ist Art.&nbsp;6 Abs.&nbsp;1 S.&nbsp;1\nlit.&nbsp;f DSGVO. Unser berechtigtes Interesse folgt aus oben aufgelisteten \nZwecken zur Datenerhebung. In keinem Fall verwenden wir die erhobenen \nDaten zu dem Zweck, R\u00fcckschl\u00fcsse auf Ihre Person zu\nziehen.<\/p>\n\n\n\n<p>Dar\u00fcber hinaus setzen wir beim Besuch unserer Website Cookies sowie Analysedienste ein.\nN\u00e4here Erl\u00e4uterungen dazu erhalten Sie unter den Ziff. 4 und 5 dieser Datenschutzerkl\u00e4rung.<\/p>\n\n\n\n<p>b) Bei Nutzung unseres Kontaktformulars<\/p>\n\n\n\n<p>Diese  Seite nutzt aus Gr\u00fcnden der Sicherheit und zum Schutz der \u00dcbertragung vertraulicher Inhalte, wie zum Beispiel der Beitrittserkl\u00e4rung, die Sie an uns als  Seitenbetreiber senden, eine SSL-Verschl\u00fcsselung. Eine verschl\u00fcsselte  Verbindung erkennen Sie daran, dass die Adresszeile des Browsers von &#8222;http:\/\/&#8220; auf &#8222;https:\/\/&#8220; wechselt und an dem Schloss-Symbol  in Ihrer Browserzeile.<\/p>\n\n\n\n<p>Wenn die SSL Verschl\u00fcsselung aktiviert ist, k\u00f6nnen die Daten, die Sie an uns \u00fcbermitteln,\nnicht von Dritten mitgelesen werden.<\/p>\n\n\n\n<p>Bei\n Fragen jeglicher Art bieten wir Ihnen die M\u00f6glichkeit, mit uns \u00fcber ein\n auf der Website\nbereitgestelltes Formular Kontakt aufzunehmen. Dabei ist die Angabe des \nNamens und einer g\u00fcltigen E-Mail-Adresse erforderlich, damit wir wissen,\n von wem die Anfrage stammt und um diese beantworten zu\nk\u00f6nnen. Weitere Angaben k\u00f6nnen freiwillig get\u00e4tigt werden.<\/p>\n\n\n\n<p>Die Datenverarbeitung zum Zwecke der Kontaktaufnahme mit uns erfolgt nach Art.&nbsp;6\nAbs.&nbsp;1 S.&nbsp;1 lit.&nbsp;a DSGVO auf Grundlage Ihrer freiwillig erteilten Einwilligung.<\/p>\n\n\n\n<p>Die f\u00fcr die Benutzung des Kontaktformulars von uns erhobenen personenbezogenen Daten werden\nnach Erledigung der von Ihnen gestellten Anfrage automatisch gel\u00f6scht.<\/p>\n\n\n\n<p>c) Bei Nutzung der Beitrittserkl\u00e4rung<\/p>\n\n\n\n<p>Diese\n Seite nutzt aus Gr\u00fcnden der Sicherheit und zum Schutz der \u00dcbertragung \nvertraulicher\nInhalte, wie zum Beispiel der Beitrittserkl\u00e4rung, die Sie an uns als \nSeitenbetreiber senden, eine SSL-Verschl\u00fcsselung. Eine verschl\u00fcsselte \nVerbindung erkennen Sie daran, dass die Adresszeile des\nBrowsers von &#8222;http:\/\/&#8220; auf &#8222;https:\/\/&#8220; wechselt und an dem Schloss-Symbol\n in Ihrer Browserzeile.<\/p>\n\n\n\n<p>Wenn die SSL Verschl\u00fcsselung aktiviert ist, k\u00f6nnen die Daten, die Sie an uns \u00fcbermitteln,\nnicht von Dritten mitgelesen werden.<\/p>\n\n\n\n<p>Wir bieten Ihnen auf unserer Website <a href=\"http:\/\/www.murks-nein-danke.de\">whttp:\/\/www.murks-nein-danke.de<\/a> die  M\u00f6glichkeit, den Beitritt als Vereinsmitglied im MURKS? NEIN DANKE! e.V. zu erkl\u00e4ren. Dabei ist f\u00fcr die Bearbeitung der Beitrittserkl\u00e4rung und Begr\u00fcndung einer Mitgliedschaft im  MURKS? NEIN DANKE! e.V. die Angabe einer g\u00fcltigen E-Mail-Adresse,  Anrede\/Titel, Name und Vorname, Telefon, Postleitzahl \/ Wohnort, Stra\u00dfe, Geburtsdatum, Bankinstitut, IBAN erforderlich. Weitere Angaben k\u00f6nnen  freiwillig get\u00e4tigt werden.<\/p>\n\n\n\n<p>Die Datenverarbeitung zum Zwecke der Kontaktaufnahme mit uns erfolgt nach Art. 6 Abs. 1 S. 1\nlit. a DSGVO auf Grundlage Ihrer freiwillig erteilten Einwilligung.<\/p>\n\n\n\n<p><strong>3. Weitergabe von Daten<\/strong><\/p>\n\n\n\n<p>Eine \u00dcbermittlung Ihrer pers\u00f6nlichen Daten an Dritte zu anderen als den im Folgenden\naufgef\u00fchrten Zwecken findet nicht statt.<\/p>\n\n\n\n<p>Wir geben Ihre pers\u00f6nlichen Daten nur an Dritte weiter, wenn:<\/p>\n\n\n\n<ul>\n<li>Sie Ihre nach Art.&nbsp;6 Abs.&nbsp;1 S.&nbsp;1 lit.&nbsp;a DSGVO ausdr\u00fcckliche Einwilligung\ndazu erteilt haben,<\/li>\n\n\n\n<li>die\n Weitergabe nach Art.&nbsp;6 Abs.&nbsp;1 S.&nbsp;1 lit.&nbsp;f DSGVO zur Geltendmachung,\nAus\u00fcbung oder Verteidigung von Rechtsanspr\u00fcchen erforderlich ist und \nkein Grund zur Annahme besteht, dass Sie ein \u00fcberwiegendes \nschutzw\u00fcrdiges Interesse an der Nichtweitergabe Ihrer Daten\nhaben,<\/li>\n\n\n\n<li>f\u00fcr den Fall, dass f\u00fcr die Weitergabe nach Art.&nbsp;6 Abs.&nbsp;1 S.&nbsp;1 lit.&nbsp;c\nDSGVO eine gesetzliche Verpflichtung besteht, sowie<\/li>\n\n\n\n<li>dies gesetzlich zul\u00e4ssig und nach Art.&nbsp;6 Abs.&nbsp;1 S.&nbsp;1 lit.&nbsp;b DSGVO f\u00fcr\ndie Abwicklung von Vertragsverh\u00e4ltnissen mit Ihnen erforderlich ist.<\/li>\n<\/ul>\n\n\n\n<p><strong>4. Cookies<\/strong><\/p>\n\n\n\n<p>Wir\n setzen auf unserer Seite Cookies ein. Hierbei handelt es sich um kleine\n Dateien, die Ihr\nBrowser automatisch erstellt und die auf Ihrem Endger\u00e4t (Laptop, Tablet,\n Smartphone o.\u00e4.) gespeichert werden, wenn Sie unsere Seite besuchen. \nCookies richten auf Ihrem Endger\u00e4t keinen Schaden an,\nenthalten keine Viren, Trojaner oder sonstige Schadsoftware.<\/p>\n\n\n\n<p>In\n dem Cookie werden Informationen abgelegt, die sich jeweils im \nZusammenhang mit dem\nspezifisch eingesetzten Endger\u00e4t ergeben. Dies bedeutet jedoch nicht, \ndass wir dadurch unmittelbar Kenntnis von Ihrer Identit\u00e4t erhalten.<\/p>\n\n\n\n<p>Der\n Einsatz von Cookies dient einerseits dazu, die Nutzung unseres Angebots\n f\u00fcr Sie\nangenehmer zu gestalten. So setzen wir sogenannte Session-Cookies ein, \num zu erkennen, dass Sie einzelne Seiten unserer Website bereits besucht\n haben. Diese werden nach Verlassen unserer Seite\nautomatisch gel\u00f6scht.<\/p>\n\n\n\n<p>Dar\u00fcber\n hinaus setzen wir ebenfalls zur Optimierung der Benutzerfreundlichkeit \ntempor\u00e4re\nCookies ein, die f\u00fcr einen bestimmten festgelegten Zeitraum auf Ihrem \nEndger\u00e4t gespeichert werden. Besuchen Sie unsere Seite erneut, um unsere\n Dienste in Anspruch zu nehmen, wird automatisch erkannt,\ndass Sie bereits bei uns waren und welche Eingaben und Einstellungen sie\n get\u00e4tigt haben, um diese nicht noch einmal eingeben zu m\u00fcssen.<\/p>\n\n\n\n<p>Zum\n anderen setzten wir Cookies ein, um die Nutzung unserer Website \nstatistisch zu erfassen\nund zum Zwecke der Optimierung unseres Angebotes f\u00fcr Sie auszuwerten \n(siehe Ziff.&nbsp;5). Diese Cookies erm\u00f6glichen es uns, bei einem erneuten \nBesuch unserer Seite automatisch zu erkennen, dass Sie\nbereits bei uns waren. Diese Cookies werden nach einer jeweils \ndefinierten Zeit automatisch gel\u00f6scht.<\/p>\n\n\n\n<p>Die durch Cookies verarbeiteten Daten sind f\u00fcr die genannten Zwecke zur Wahrung unserer\nberechtigten Interessen sowie der Dritter nach Art.&nbsp;6 Abs.&nbsp;1 S.&nbsp;1 lit.&nbsp;f DSGVO erforderlich.<\/p>\n\n\n\n<p>Die\n meisten Browser akzeptieren Cookies automatisch. Sie k\u00f6nnen Ihren \nBrowser jedoch so\nkonfigurieren, dass keine Cookies auf Ihrem Computer gespeichert werden \noder stets ein Hinweis erscheint, bevor ein neuer Cookie angelegt wird. \nDie vollst\u00e4ndige Deaktivierung von Cookies kann jedoch\ndazu f\u00fchren, dass Sie nicht alle Funktionen unserer Website nutzen \nk\u00f6nnen.<\/p>\n\n\n\n<p><strong>5. Analyse-Tools<\/strong><\/p>\n\n\n\n<p>a) Tracking-Tools<\/p>\n\n\n\n<p>Die\n im Folgenden aufgef\u00fchrten und von uns eingesetzten Tracking-Ma\u00dfnahmen \nwerden auf\nGrundlage des Art.&nbsp;6 Abs.&nbsp;1 S.&nbsp;1 lit.&nbsp;f DSGVO durchgef\u00fchrt. Mit den zum \nEinsatz kommenden Tracking-Ma\u00dfnahmen wollen wir eine bedarfsgerechte \nGestaltung und die fortlaufende\nOptimierung unserer Webseite sicherstellen. Zum anderen setzen wir die \nTracking-Ma\u00dfnahmen ein, um die Nutzung unserer Webseite statistisch zu \nerfassen und zum Zwecke der Optimierung unseres Angebotes\nf\u00fcr Sie auszuwerten. Diese Interessen sind als berechtigt im Sinne der \nvorgenannten Vorschrift anzusehen.<\/p>\n\n\n\n<p>Die jeweiligen Datenverarbeitungszwecke und Datenkategorien sind aus den entsprechenden Tracking-Tools zu entnehmen.<\/p>\n\n\n\n<p><strong>6. Betroffenenrechte<\/strong><\/p>\n\n\n\n<p>Sie haben das Recht:<\/p>\n\n\n\n<ul>\n<li>gem\u00e4\u00df\n Art.&nbsp;15 DSGVO Auskunft \u00fcber Ihre von uns verarbeiteten \npersonenbezogenen Daten zu\nverlangen. Insbesondere k\u00f6nnen Sie Auskunft \u00fcber die \nVerarbeitungszwecke, die Kategorie der personenbezogenen Daten, die \nKategorien von Empf\u00e4ngern, gegen\u00fcber denen Ihre Daten offengelegt wurden\n oder\nwerden, die geplante Speicherdauer, das Bestehen eines Rechts auf \nBerichtigung, L\u00f6schung, Einschr\u00e4nkung der Verarbeitung oder Widerspruch,\n das Bestehen eines Beschwerderechts, die Herkunft ihrer\nDaten, sofern diese nicht bei uns erhoben wurden, sowie \u00fcber das \nBestehen einer automatisierten Entscheidungsfindung einschlie\u00dflich \nProfiling und ggf. aussagekr\u00e4ftigen Informationen zu deren\nEinzelheiten verlangen;<\/li>\n\n\n\n<li>gem\u00e4\u00df Art.&nbsp;16 DSGVO unverz\u00fcglich die Berichtigung unrichtiger oder Vervollst\u00e4ndigung\nIhrer bei uns gespeicherten personenbezogenen Daten zu verlangen;<\/li>\n\n\n\n<li>gem\u00e4\u00df\n Art.&nbsp;17 DSGVO die L\u00f6schung Ihrer bei uns gespeicherten \npersonenbezogenen Daten zu\nverlangen, soweit nicht die Verarbeitung zur Aus\u00fcbung des Rechts auf \nfreie Meinungs\u00e4u\u00dferung und Information, zur Erf\u00fcllung einer rechtlichen \nVerpflichtung, aus Gr\u00fcnden des \u00f6ffentlichen Interesses\noder zur Geltendmachung, Aus\u00fcbung oder Verteidigung von Rechtsanspr\u00fcchen\n erforderlich ist;<\/li>\n\n\n\n<li>gem\u00e4\u00df\n Art.&nbsp;18 DSGVO die Einschr\u00e4nkung der Verarbeitung Ihrer \npersonenbezogenen Daten zu\nverlangen, soweit die Richtigkeit der Daten von Ihnen bestritten wird, \ndie Verarbeitung unrechtm\u00e4\u00dfig ist, Sie aber deren L\u00f6schung ablehnen und \nwir die Daten nicht mehr ben\u00f6tigen, Sie jedoch diese zur\nGeltendmachung, Aus\u00fcbung oder Verteidigung von Rechtsanspr\u00fcchen \nben\u00f6tigen oder Sie gem\u00e4\u00df Art.&nbsp;21 DSGVO Widerspruch gegen die \nVerarbeitung eingelegt haben;<\/li>\n\n\n\n<li>gem\u00e4\u00df\n Art.&nbsp;20 DSGVO Ihre personenbezogenen Daten, die Sie uns bereitgestellt \nhaben, in\neinem strukturierten, g\u00e4ngigen und maschinenlesebaren Format zu erhalten\n oder die \u00dcbermittlung an einen anderen Verantwortlichen zu verlangen;<\/li>\n\n\n\n<li>gem\u00e4\u00df\n Art.&nbsp;7 Abs.&nbsp;3 DSGVO Ihre einmal erteilte Einwilligung jederzeit \ngegen\u00fcber\nuns zu widerrufen. Dies hat zur Folge, dass wir die Datenverarbeitung, \ndie auf dieser Einwilligung beruhte, f\u00fcr die Zukunft nicht mehr \nfortf\u00fchren d\u00fcrfen und<\/li>\n\n\n\n<li>gem\u00e4\u00df Art.&nbsp;77 DSGVO sich bei einer Aufsichtsbeh\u00f6rde zu beschweren. In der Regel k\u00f6nnen\nSie sich hierf\u00fcr an die Aufsichtsbeh\u00f6rde Ihres \u00fcblichen Aufenthaltsortes oder Arbeitsplatzes oder unseres Vereinssitzes wenden.<\/li>\n<\/ul>\n\n\n\n<p><strong>7. Widerspruchsrecht<\/strong><\/p>\n\n\n\n<p>Sofern\n Ihre personenbezogenen Daten auf Grundlage von berechtigten Interessen \ngem\u00e4\u00df\nArt.&nbsp;6 Abs.&nbsp;1 S.&nbsp;1 lit.&nbsp;f DSGVO verarbeitet werden, haben Sie das Recht,\n gem\u00e4\u00df Art.&nbsp;21 DSGVO Widerspruch gegen die Verarbeitung Ihrer \npersonenbezogenen Daten einzulegen,\nsoweit daf\u00fcr Gr\u00fcnde vorliegen, die sich aus Ihrer besonderen Situation \nergeben oder sich der Widerspruch gegen Direktwerbung richtet. Im \nletzteren Fall haben Sie ein generelles Widerspruchsrecht, das\nohne Angabe einer besonderen Situation von uns umgesetzt wird.<\/p>\n\n\n\n<p>M\u00f6chten Sie von Ihrem Widerrufs- oder Widerspruchsrecht Gebrauch machen, gen\u00fcgt eine E-Mail an <a href=\"&#x6d;&#97;i&#x6c;&#x74;&#111;:&#x6b;&#x6f;&#110;t&#x61;&#x6b;&#116;&#64;&#x6d;&#x75;&#114;k&#x73;&#45;&#110;e&#x69;&#110;-&#x64;&#x61;&#110;k&#x65;&#x2e;&#101;u\">&#x6b;&#111;&#x6e;&#116;a&#x6b;&#116;&#64;&#x6d;&#117;&#x72;&#x6b;s&#x2d;&#110;e&#x69;&#110;&#x2d;&#x64;a&#x6e;&#107;e&#x2e;&#101;u<\/a><\/p>\n\n\n\n<p><strong>8. Datensicherheit<\/strong><\/p>\n\n\n\n<p>Wir\n verwenden innerhalb des Website-Besuchs das verbreitete SSL-Verfahren \n(Secure Socket\nLayer) in Verbindung mit der jeweils h\u00f6chsten Verschl\u00fcsselungsstufe, die\n von Ihrem Browser unterst\u00fctzt wird. In der Regel handelt es sich dabei \num eine 256 Bit Verschl\u00fcsselung. Falls Ihr Browser\nkeine 256-Bit Verschl\u00fcsselung unterst\u00fctzt, greifen wir stattdessen auf \n128-Bit v3 Technologie zur\u00fcck. Ob eine einzelne Seite unseres \nInternetauftrittes verschl\u00fcsselt \u00fcbertragen wird, erkennen Sie an\nder geschlossenen Darstellung des Sch\u00fcssel- beziehungsweise \nSchloss-Symbols in der unteren Statusleiste Ihres Browsers.<\/p>\n\n\n\n<p>Wir\n bedienen uns im \u00dcbrigen geeigneter technischer und organisatorischer\nSicherheitsma\u00dfnahmen, um Ihre Daten gegen zuf\u00e4llige oder vors\u00e4tzliche \nManipulationen, teilweisen oder vollst\u00e4ndigen Verlust, Zerst\u00f6rung oder \ngegen den unbefugten Zugriff Dritter zu sch\u00fctzen. Unsere\nSicherheitsma\u00dfnahmen werden entsprechend der technologischen Entwicklung\n fortlaufend verbessert.<\/p>\n\n\n\n<p><strong>9. Aktualit\u00e4t und \u00c4nderung dieser Datenschutzerkl\u00e4rung<\/strong><\/p>\n\n\n\n<p>Diese Datenschutzerkl\u00e4rung ist aktuell g\u00fcltig und hat den Stand Januar 2019.<\/p>\n\n\n\n<p>Durch\n die Weiterentwicklung unserer Website und Angebote dar\u00fcber oder \naufgrund ge\u00e4nderter\ngesetzlicher beziehungsweise beh\u00f6rdlicher Vorgaben kann es notwendig \nwerden, diese Datenschutzerkl\u00e4rung zu \u00e4ndern. Die jeweils aktuelle \nDatenschutzerkl\u00e4rung kann jederzeit auf der Website\nunter <a href=\"https:\/\/www.berliner-mieterschutzverein.de\/datenschutzerkl\u00e4rung\/\">Datenschutzerkl\u00e4rung<\/a> von Ihnen abgerufen und ausgedruckt\nwerden.<\/p>\n\n\n\n<p>Berlin, MURKS? NEIN DANKE! e.V.<\/p>\n\n\n<\/p>","protected":false},"excerpt":{"rendered":"<p>1. Name und Kontaktdaten des f\u00fcr die Verarbeitung Verantwortlichen sowie des betrieblichen Datenschutzbeauftragten Diese Datenschutz-Information gilt f\u00fcr die Datenverarbeitung durch: Verantwortlicher: &nbsp;MURKS? NEIN DANKE! e.V. eingetragen im Vereinsregister: Amtsgericht Charlottenburg&nbsp;Amtsgerichtsplatz&#8230;<\/p>\n","protected":false},"author":1,"featured_media":0,"parent":0,"menu_order":0,"comment_status":"closed","ping_status":"closed","template":"","meta":{"footnotes":""},"_links":{"self":[{"href":"https:\/\/www.murks-nein-danke.de\/verein\/wp-json\/wp\/v2\/pages\/911"}],"collection":[{"href":"https:\/\/www.murks-nein-danke.de\/verein\/wp-json\/wp\/v2\/pages"}],"about":[{"href":"https:\/\/www.murks-nein-danke.de\/verein\/wp-json\/wp\/v2\/types\/page"}],"author":[{"embeddable":true,"href":"https:\/\/www.murks-nein-danke.de\/verein\/wp-json\/wp\/v2\/users\/1"}],"replies":[{"embeddable":true,"href":"https:\/\/www.murks-nein-danke.de\/verein\/wp-json\/wp\/v2\/comments?post=911"}],"version-history":[{"count":3,"href":"https:\/\/www.murks-nein-danke.de\/verein\/wp-json\/wp\/v2\/pages\/911\/revisions"}],"predecessor-version":[{"id":1051,"href":"https:\/\/www.murks-nein-danke.de\/verein\/wp-json\/wp\/v2\/pages\/911\/revisions\/1051"}],"wp:attachment":[{"href":"https:\/\/www.murks-nein-danke.de\/verein\/wp-json\/wp\/v2\/media?parent=911"}],"curies":[{"name":"wp","href":"https:\/\/api.w.org\/{rel}","templated":true}]}}