{"id":913,"date":"2019-08-29T11:44:14","date_gmt":"2019-08-29T09:44:14","guid":{"rendered":"https:\/\/www.murks-nein-danke.de\/verein\/?page_id=913"},"modified":"2019-08-29T11:44:15","modified_gmt":"2019-08-29T09:44:15","slug":"widerspruchserklaerung","status":"publish","type":"page","link":"https:\/\/www.murks-nein-danke.de\/verein\/widerspruchserklaerung\/","title":{"rendered":"Widerspruchserkl\u00e4rung"},"content":{"rendered":"<p><br>\n<!--StartFragment--><\/p>\n\n\n<p>Das Gesetz (<a href=\"http:\/\/www.gesetze-im-internet.de\/bgb\/__355.html\" target=\"_blank\" rel=\"noreferrer noopener\">\u00a7 355\nBGB<\/a>) r\u00e4umt Ihnen ein Widerrufsrecht von 14 Tagen ein. Innerhalb dieser\nFrist k\u00f6nnen Sie Ihre Online-Beitrittserkl\u00e4rung ohne Angabe von Gr\u00fcnden in\nTextform widerrufen. Unabh\u00e4ngig von der Widerrufsfrist endet das Widerrufsrecht\njedoch, sobald Sie sich als Mitglied im Mieterschutzverein e.V. beraten lassen.\nWir sind gesetzlich zu folgender <strong>Widerrufsbelehrung<\/strong> verpflichtet:\ufeff<\/p>\n\n\n\n<p>Sie k\u00f6nnen Ihre Mitgliedschaft im MURKS? NEIN DANKE! e.V., Falkenberger Str. 172 b, 13088 Berlin, vertreten durch den Vorstand, \u2013 eingetragen im Vereinsregister: Amtsgericht Charlottenburg, Amtsgerichtsplatz 1, 14064 Berlin zur Registernummer:  VR 32802 B &#8211; <strong>innerhalb von zwei Wochen ohne Angabe von Gr\u00fcnden in Textform<\/strong> (z. B. Brief, Fax, E-Mail) widerrufen.<\/p>\n\n\n\n<p>Die Frist beginnt fr\u00fchestens mit Erhalt dieser Belehrung,\njedoch nicht vor Abschluss der Mitgliedschaft und auch nicht vor Erf\u00fcllung der\nhiesigen Informationspflichten gem\u00e4\u00df <a href=\"http:\/\/www.gesetze-im-internet.de\/bgbeg\/BJNR006049896.html#BJNR006049896BJNG053200140\" target=\"_blank\" rel=\"noreferrer noopener\">Artikel 246<\/a> \u00a7 2 in Verbindung mit \u00a7 1 Abs. 1 und 2 BGBEG.\nZur Wahrung der Widerrufsfrist gen\u00fcgt die rechtzeitige Absendung des Widerrufs.<\/p>\n\n\n\n<p>Der Widerruf ist zu richten an:<\/p>\n\n\n\n<p><strong>MURKS? NEIN DANKE! e.V.<\/strong><br><br>Falkenberger Str. 172 b<\/p>\n\n\n\n<p>13088 Berlin<\/p>\n\n\n\n<p><strong>Tel:&nbsp; 030 \/ 25 58 03 21<\/strong><\/p>\n\n\n\n<p><strong>E-Mail: <a href=\"&#118;&#x6f;&#114;&#x73;t&#x61;n&#100;&#x40;&#109;&#x75;&#114;&#x6b;s&#x2d;n&#101;&#x69;&#110;&#x2d;d&#x61;n&#x6b;&#x65;&#46;&#x64;&#101;\" target=\"_blank\" rel=\"noreferrer noopener\" aria-label=\"&#118;&#x6f;&#114;&#x73;t&#97;&#x6e;&#100;&#x40;m&#x75;r&#107;&#x73;&#45;&#x6e;e&#x69;&#x6e;&#45;&#x64;a&#x6e;k&#101;&#x2e;&#100;&#x65; (opens in a new tab)\">&#118;&#x6f;r&#115;&#x74;&#97;&#x6e;d&#64;&#x6d;u&#x72;&#x6b;&#115;&#x2d;n&#101;&#x69;n&#x2d;&#x64;&#97;&#x6e;k&#101;&#x2e;&#100;&#x65;<\/a><\/strong><\/p>\n\n\n\n<p><strong>Folgen des Widerrufs<\/strong><\/p>\n\n\n\n<p>Im Falle eines wirksamen Widerrufs sind die beiderseits\nempfangenen Leistungen zur\u00fcckzugew\u00e4hren und ggf. gezogene Nutzungen\nherauszugeben. Sie m\u00fcssen insoweit f\u00fcr erhaltene Rechtsberatungen Wertersatz\nleisten.<\/p>\n\n\n\n<p>Bei einem Widerruf und einer Rechtsberatung innerhalb der\nWiderrufsfrist sind dem Mieterschutzverein e.V. die Beitr\u00e4ge f\u00fcr die\nMindestmitgliedschaft von zwei Jahren als Wertersatz zu bezahlen.<\/p>\n\n\n\n<p><strong>Wichtiger Hinweis<\/strong><\/p>\n\n\n\n<p>Das Widerrufsrecht erlischt vorzeitig, wenn der Vertrag von\nbeiden Seiten auf ausdr\u00fccklichen Wunsch des Verbrauchers erf\u00fcllt ist, bevor der\nVerbraucher sein Widerrufsrecht ausge\u00fcbt hat.<\/p>\n\n\n\n<p>Das bedeutet, dass Sie bei einer Inanspruchnahme unserer\nRechtsberatung vor Ablauf der Widerrufsfrist die Mitgliedschaft grunds\u00e4tzlich\nnicht mehr widerrufen k\u00f6nnen. Sie k\u00f6nnen die Mitgliedschaft dann jedoch\nsatzungsgem\u00e4\u00df (\u00a7 5 der Satzung) k\u00fcndigen und zwar wie folgt:<\/p>\n\n\n\n<p>Die K\u00fcndigung ist mit einer Vierteljahresfrist zum Ablauf\nder Mindestmitgliedschaft von zwei Jahren<\/p>\n\n\n\n<p>oder<\/p>\n\n\n\n<p>nach Ablauf der Mindestmitgliedschaft mit Vierteljahresfrist zum Ende des jeweiligen Beitragsjahres zul\u00e4ssig.<\/p>\n\n\n\n<p><strong>Fragen zur Mitgliedschaft oder zu unseren Leistungen?<\/strong><\/p>\n\n\n\n<p>Kontaktieren Sie uns unter <strong>030 \/ 25 58 03 21<\/strong> oder direkt per <a href=\"https:\/\/www.murks-nein-danke.de\/verein\/kontakt\/\">Kontaktformular<\/a><\/p>\n\n\n<p><!--EndFragment--><br>\n<br>\n<\/p>","protected":false},"excerpt":{"rendered":"<p>Das Gesetz (\u00a7 355 BGB) r\u00e4umt Ihnen ein Widerrufsrecht von 14 Tagen ein. Innerhalb dieser Frist k\u00f6nnen Sie Ihre Online-Beitrittserkl\u00e4rung ohne Angabe von Gr\u00fcnden in Textform widerrufen. Unabh\u00e4ngig von der&#8230;<\/p>\n","protected":false},"author":1,"featured_media":0,"parent":0,"menu_order":0,"comment_status":"closed","ping_status":"closed","template":"","meta":{"footnotes":""},"_links":{"self":[{"href":"https:\/\/www.murks-nein-danke.de\/verein\/wp-json\/wp\/v2\/pages\/913"}],"collection":[{"href":"https:\/\/www.murks-nein-danke.de\/verein\/wp-json\/wp\/v2\/pages"}],"about":[{"href":"https:\/\/www.murks-nein-danke.de\/verein\/wp-json\/wp\/v2\/types\/page"}],"author":[{"embeddable":true,"href":"https:\/\/www.murks-nein-danke.de\/verein\/wp-json\/wp\/v2\/users\/1"}],"replies":[{"embeddable":true,"href":"https:\/\/www.murks-nein-danke.de\/verein\/wp-json\/wp\/v2\/comments?post=913"}],"version-history":[{"count":1,"href":"https:\/\/www.murks-nein-danke.de\/verein\/wp-json\/wp\/v2\/pages\/913\/revisions"}],"predecessor-version":[{"id":914,"href":"https:\/\/www.murks-nein-danke.de\/verein\/wp-json\/wp\/v2\/pages\/913\/revisions\/914"}],"wp:attachment":[{"href":"https:\/\/www.murks-nein-danke.de\/verein\/wp-json\/wp\/v2\/media?parent=913"}],"curies":[{"name":"wp","href":"https:\/\/api.w.org\/{rel}","templated":true}]}}